{"id":1103,"date":"2017-11-02T11:55:03","date_gmt":"2017-11-02T11:55:03","guid":{"rendered":"http:\/\/www.familienforschung-hein.de\/?page_id=1103"},"modified":"2017-12-16T15:16:45","modified_gmt":"2017-12-16T15:16:45","slug":"familienfotos","status":"publish","type":"page","link":"https:\/\/www.familienforschung-hein.de\/index.php\/familienfotos\/","title":{"rendered":"Familienfotos"},"content":{"rendered":"<p>Familienfotos<\/p>\n<p>Auf dieser Seite m\u00f6chte ich einige Fotos aus meinem Familienarchiv vorstellen. Es handelt sich um Hochzeitsfotos aus den 30er und 40er Jahren des 20. Jahrhundert aus dem Kreis Osterode\/OPR. Leider sind die meisten Fotos nicht beschriftet. Bei vielen Fotos kann ich keine oder nur sehr wenige Personen identifizieren.<\/p>\n<p>Falls jemand ein gleiches Bild in seinem Archiv besitzt und mir mit einigen Daten weiterhelfen kann, w\u00fcrde ich mich sehr freuen.<\/p>\n<div id='gallery-1' class='gallery galleryid-1103 gallery-columns-3 gallery-size-thumbnail'><figure class='gallery-item'>\n\t\t\t<div class='gallery-icon landscape'>\n\t\t\t\t<a href='https:\/\/www.familienforschung-hein.de\/index.php\/familienfotos\/hochzeit-frieda-1939-web\/'><img width=\"150\" height=\"150\" src=\"https:\/\/www.familienforschung-hein.de\/wp-content\/uploads\/2017\/11\/Hochzeit-Frieda-1939-web-150x150.jpg\" class=\"attachment-thumbnail size-thumbnail\" alt=\"\" decoding=\"async\" loading=\"lazy\" aria-describedby=\"gallery-1-1467\" \/><\/a>\n\t\t\t<\/div>\n\t\t\t\t<figcaption class='wp-caption-text gallery-caption' id='gallery-1-1467'>\n\t\t\t\tBiesellen Hochzeit 1939\nDas ist die Hochzeit von Frieda Koslowski aus Biesellen  mit Paul Gajewski am 22. Juli 1939. Paul Gajewski fiel in Ru\u00dfland im Oktober 1942. Frieda heiratete erneut im Juli 1951 in Gatersleben den Richard Arend.\nAuf dem Bild sind zu erkennen ihre Eltern Otto, Albert Koslowski und Bertha Koslowski, geb. Wazenski, Frieda Wazinski, verh. Pick, Erich Wazenski, Hermann Wazenski, Emil Wazenski. Erste von rechts ist die Schwester von Frieda, Liesbeth Koslowski, sp\u00e4tere Klaus.\n\t\t\t\t<\/figcaption><\/figure><figure class='gallery-item'>\n\t\t\t<div class='gallery-icon landscape'>\n\t\t\t\t<a href='https:\/\/www.familienforschung-hein.de\/index.php\/familienfotos\/bisellen-1940-web\/'><img width=\"150\" height=\"150\" src=\"https:\/\/www.familienforschung-hein.de\/wp-content\/uploads\/2017\/11\/Bisellen-1940-web-150x150.jpg\" class=\"attachment-thumbnail size-thumbnail\" alt=\"\" decoding=\"async\" loading=\"lazy\" aria-describedby=\"gallery-1-1465\" \/><\/a>\n\t\t\t<\/div>\n\t\t\t\t<figcaption class='wp-caption-text gallery-caption' id='gallery-1-1465'>\n\t\t\t\tBiesellen Hochzeit 1940\nDieses Bild gibt R\u00e4tsel auf. Links neben der Braut sitzen meine Gro\u00dfeltern, Otto, Albert Koslowski und Bertha, geb. Wazenski. Links au\u00dfen sitzt Auguste Hildebrandt. Die Braut oder der Br\u00e4utigam sind keine Kinder meiner Gro\u00dfeltern. Im Hintergrund ist noch Frieda Koslowski mit ihrem Mann Paul Gajewski zu sehen.\n\t\t\t\t<\/figcaption><\/figure><figure class='gallery-item'>\n\t\t\t<div class='gallery-icon landscape'>\n\t\t\t\t<a href='https:\/\/www.familienforschung-hein.de\/index.php\/familienfotos\/bisellen-1938-web\/'><img width=\"150\" height=\"150\" src=\"https:\/\/www.familienforschung-hein.de\/wp-content\/uploads\/2017\/11\/Bisellen-1938-web-150x150.jpg\" class=\"attachment-thumbnail size-thumbnail\" alt=\"\" decoding=\"async\" loading=\"lazy\" aria-describedby=\"gallery-1-1463\" \/><\/a>\n\t\t\t<\/div>\n\t\t\t\t<figcaption class='wp-caption-text gallery-caption' id='gallery-1-1463'>\n\t\t\t\tBiesellen Hochzeit 1937\/38\nDies ist die Hochzeit von Hedwig Hildebrandt aus Biesellen, Name des Ehegatten unbekannt.  Rechts neben dem Br\u00e4utigam sitzt Auguste Hildebrandt, geb. Wazenski aus Dlusken.\nWeitere Personen sind Hermann und Ida Wazenski Marie Wazenski, Emil Naguschewski.\nUnten, zweite von rechts ist Liesbeth Koslowski, sp\u00e4ter verh. Klaus.\n\t\t\t\t<\/figcaption><\/figure><figure class='gallery-item'>\n\t\t\t<div class='gallery-icon landscape'>\n\t\t\t\t<a href='https:\/\/www.familienforschung-hein.de\/index.php\/familienfotos\/biesellen-hochzeit-1933-web\/'><img width=\"150\" height=\"150\" src=\"https:\/\/www.familienforschung-hein.de\/wp-content\/uploads\/2017\/11\/Biesellen-Hochzeit-1933-web-150x150.jpg\" class=\"attachment-thumbnail size-thumbnail\" alt=\"\" decoding=\"async\" loading=\"lazy\" aria-describedby=\"gallery-1-1457\" \/><\/a>\n\t\t\t<\/div>\n\t\t\t\t<figcaption class='wp-caption-text gallery-caption' id='gallery-1-1457'>\n\t\t\t\tBiesellen Hochzeit 1933\nDie Brautleute sind wieder unbekannt. Neben dem Br\u00e4utigam sitzt Auguste Hildebrandt. Neben der Braut sitzten links au\u00dfen meine Gro\u00dfeltern Otto, Albert Koslowski und Bertha, geb. Wazenski. Vorn in der ersten Reihe sitzen mein Vater Helmut Koslowski und  Liesbeth Koslowski, sp\u00e4tere Klaus. In der oberen Reihe ist meine Tante Frieda Koslowski, verw. Gajewski, sp\u00e4tere Arend.\n\t\t\t\t<\/figcaption><\/figure>\n\t\t<\/div>\n\n<p>&nbsp;<\/p>\n","protected":false},"excerpt":{"rendered":"<p>Familienfotos Auf dieser Seite m\u00f6chte ich einige Fotos aus meinem Familienarchiv vorstellen. Es handelt sich um Hochzeitsfotos aus den 30er und 40er Jahren des 20. Jahrhundert aus dem Kreis Osterode\/OPR. Leider sind die meisten Fotos nicht beschriftet. Bei vielen Fotos kann ich keine oder nur sehr wenige Personen identifizieren. Falls jemand ein gleiches Bild in [&hellip;]<\/p>\n","protected":false},"author":2,"featured_media":0,"parent":0,"menu_order":7,"comment_status":"closed","ping_status":"closed","template":"","meta":[],"_links":{"self":[{"href":"https:\/\/www.familienforschung-hein.de\/index.php\/wp-json\/wp\/v2\/pages\/1103"}],"collection":[{"href":"https:\/\/www.familienforschung-hein.de\/index.php\/wp-json\/wp\/v2\/pages"}],"about":[{"href":"https:\/\/www.familienforschung-hein.de\/index.php\/wp-json\/wp\/v2\/types\/page"}],"author":[{"embeddable":true,"href":"https:\/\/www.familienforschung-hein.de\/index.php\/wp-json\/wp\/v2\/users\/2"}],"replies":[{"embeddable":true,"href":"https:\/\/www.familienforschung-hein.de\/index.php\/wp-json\/wp\/v2\/comments?post=1103"}],"version-history":[{"count":7,"href":"https:\/\/www.familienforschung-hein.de\/index.php\/wp-json\/wp\/v2\/pages\/1103\/revisions"}],"predecessor-version":[{"id":1487,"href":"https:\/\/www.familienforschung-hein.de\/index.php\/wp-json\/wp\/v2\/pages\/1103\/revisions\/1487"}],"wp:attachment":[{"href":"https:\/\/www.familienforschung-hein.de\/index.php\/wp-json\/wp\/v2\/media?parent=1103"}],"curies":[{"name":"wp","href":"https:\/\/api.w.org\/{rel}","templated":true}]}}