{"id":1113,"date":"2017-11-02T13:46:18","date_gmt":"2017-11-02T13:46:18","guid":{"rendered":"http:\/\/www.familienforschung-hein.de\/?page_id=1113"},"modified":"2017-11-07T10:45:56","modified_gmt":"2017-11-07T10:45:56","slug":"tybussek","status":"publish","type":"page","link":"https:\/\/www.familienforschung-hein.de\/index.php\/familien-aus-ostpreussen\/tybussek\/","title":{"rendered":"Familie Tybussek"},"content":{"rendered":"<p>&nbsp;<\/p>\n<p>Die Familie Tybussek ist eine Nebenlinie, welche \u00fcber die Familie <a href=\"http:\/\/www.familienforschung-hein.de\/index.php\/familien-aus-ostpreussen\/familie-rettkowski\/\" target=\"_blank\" rel=\"noopener noreferrer\">Rettkowski<\/a> zum Familienstammbaum st\u00f6\u00dft. 1916 heiratet in Grasnitz der Wilhelm Tybussek aus Manchengut die Anna Rettkowski aus Thomareinen.<br \/>\nDa eventuell noch lebende Personen nicht dargestellt werden d\u00fcrfen, umfasst der folgenden Stammbaum nur die Vorfahren von Wilhelm Tybussek. Dabei zeigt sich, das die Familie Rettkowski \u00fcber 3 Generationen\u00a0 hintereinander in die Familie\u00a0 Tybussek einheiratete. Es sind aber jeweils andere Linien dieser Familie.<\/p>\n<p>Zu den Vorfahren geh\u00f6ren neben der Familie Rettkowski auch die Familie Kitza.<\/p>\n<p><a href=\"http:\/\/www.familienforschung-hein.de\/wp-content\/uploads\/2017\/11\/Nachkommen-Christoph-Tybussek-Passw.pdf\">Nachkommen Christoph Tybussek<\/a><\/p>\n<p>&nbsp;<\/p>\n<p>&nbsp;<\/p>\n","protected":false},"excerpt":{"rendered":"<p>&nbsp; Die Familie Tybussek ist eine Nebenlinie, welche \u00fcber die Familie Rettkowski zum Familienstammbaum st\u00f6\u00dft. 1916 heiratet in Grasnitz der Wilhelm Tybussek aus Manchengut die Anna Rettkowski aus Thomareinen. Da eventuell noch lebende Personen nicht dargestellt werden d\u00fcrfen, umfasst der folgenden Stammbaum nur die Vorfahren von Wilhelm Tybussek. Dabei zeigt sich, das die Familie Rettkowski [&hellip;]<\/p>\n","protected":false},"author":2,"featured_media":0,"parent":655,"menu_order":0,"comment_status":"closed","ping_status":"closed","template":"","meta":[],"_links":{"self":[{"href":"https:\/\/www.familienforschung-hein.de\/index.php\/wp-json\/wp\/v2\/pages\/1113"}],"collection":[{"href":"https:\/\/www.familienforschung-hein.de\/index.php\/wp-json\/wp\/v2\/pages"}],"about":[{"href":"https:\/\/www.familienforschung-hein.de\/index.php\/wp-json\/wp\/v2\/types\/page"}],"author":[{"embeddable":true,"href":"https:\/\/www.familienforschung-hein.de\/index.php\/wp-json\/wp\/v2\/users\/2"}],"replies":[{"embeddable":true,"href":"https:\/\/www.familienforschung-hein.de\/index.php\/wp-json\/wp\/v2\/comments?post=1113"}],"version-history":[{"count":8,"href":"https:\/\/www.familienforschung-hein.de\/index.php\/wp-json\/wp\/v2\/pages\/1113\/revisions"}],"predecessor-version":[{"id":1411,"href":"https:\/\/www.familienforschung-hein.de\/index.php\/wp-json\/wp\/v2\/pages\/1113\/revisions\/1411"}],"up":[{"embeddable":true,"href":"https:\/\/www.familienforschung-hein.de\/index.php\/wp-json\/wp\/v2\/pages\/655"}],"wp:attachment":[{"href":"https:\/\/www.familienforschung-hein.de\/index.php\/wp-json\/wp\/v2\/media?parent=1113"}],"curies":[{"name":"wp","href":"https:\/\/api.w.org\/{rel}","templated":true}]}}