{"id":1131,"date":"2017-11-02T14:21:28","date_gmt":"2017-11-02T14:21:28","guid":{"rendered":"http:\/\/www.familienforschung-hein.de\/?page_id=1131"},"modified":"2017-11-10T10:09:59","modified_gmt":"2017-11-10T10:09:59","slug":"nachkommen-des-johann-striewski","status":"publish","type":"page","link":"https:\/\/www.familienforschung-hein.de\/index.php\/familien-aus-ostpreussen\/nachkommen-des-johann-striewski\/","title":{"rendered":"Familie Striewski"},"content":{"rendered":"<p>Die Familie Striewski ist eine Nebenlinie, die sich \u00fcber den Ehemann meiner Cousine , Lothar Schrader, meinem Familienstammbaum anschlie\u00dft. Der Gro\u00dfvater von Lothar, Hugo, Bernhard Strieweski (sp\u00e4ter Steiner) war bis 1945 ein Nachbar meines Gro\u00dfvaters Otto, Albert <a href=\"http:\/\/www.familienforschung-hein.de\/index.php\/familien-aus-ostpreussen\/familie-koslowski\/\" target=\"_blank\" rel=\"noopener noreferrer\">Koslowski<\/a> in Biesellen. Auch waren fr\u00fchere Vorfahren dieser Linie oft in irgendeiner Weise mit meinen Vorfahren verwandt. Alle Vorfahren kamen ja aus einem sehr begrenzten geografischen Gebiet.<\/p>\n<p>Zu den Vorfahren der Familie\u00a0 Striewski geh\u00f6rten die Familien<br \/>\nDewald, Koskowski, Schack und Tadra<\/p>\n<p><a href=\"http:\/\/www.familienforschung-hein.de\/wp-content\/uploads\/2017\/11\/Nachkommen-Johann-Striewski-Passw.pdf\">Nachkommen Johann Striewski<\/a><\/p>\n","protected":false},"excerpt":{"rendered":"<p>Die Familie Striewski ist eine Nebenlinie, die sich \u00fcber den Ehemann meiner Cousine , Lothar Schrader, meinem Familienstammbaum anschlie\u00dft. Der Gro\u00dfvater von Lothar, Hugo, Bernhard Strieweski (sp\u00e4ter Steiner) war bis 1945 ein Nachbar meines Gro\u00dfvaters Otto, Albert Koslowski in Biesellen. Auch waren fr\u00fchere Vorfahren dieser Linie oft in irgendeiner Weise mit meinen Vorfahren verwandt. Alle [&hellip;]<\/p>\n","protected":false},"author":2,"featured_media":0,"parent":655,"menu_order":0,"comment_status":"closed","ping_status":"closed","template":"","meta":[],"_links":{"self":[{"href":"https:\/\/www.familienforschung-hein.de\/index.php\/wp-json\/wp\/v2\/pages\/1131"}],"collection":[{"href":"https:\/\/www.familienforschung-hein.de\/index.php\/wp-json\/wp\/v2\/pages"}],"about":[{"href":"https:\/\/www.familienforschung-hein.de\/index.php\/wp-json\/wp\/v2\/types\/page"}],"author":[{"embeddable":true,"href":"https:\/\/www.familienforschung-hein.de\/index.php\/wp-json\/wp\/v2\/users\/2"}],"replies":[{"embeddable":true,"href":"https:\/\/www.familienforschung-hein.de\/index.php\/wp-json\/wp\/v2\/comments?post=1131"}],"version-history":[{"count":6,"href":"https:\/\/www.familienforschung-hein.de\/index.php\/wp-json\/wp\/v2\/pages\/1131\/revisions"}],"predecessor-version":[{"id":1429,"href":"https:\/\/www.familienforschung-hein.de\/index.php\/wp-json\/wp\/v2\/pages\/1131\/revisions\/1429"}],"up":[{"embeddable":true,"href":"https:\/\/www.familienforschung-hein.de\/index.php\/wp-json\/wp\/v2\/pages\/655"}],"wp:attachment":[{"href":"https:\/\/www.familienforschung-hein.de\/index.php\/wp-json\/wp\/v2\/media?parent=1131"}],"curies":[{"name":"wp","href":"https:\/\/api.w.org\/{rel}","templated":true}]}}