{"id":1341,"date":"2017-11-04T11:15:30","date_gmt":"2017-11-04T11:15:30","guid":{"rendered":"http:\/\/www.familienforschung-hein.de\/?page_id=1341"},"modified":"2017-11-04T13:01:16","modified_gmt":"2017-11-04T13:01:16","slug":"onlinequellen","status":"publish","type":"page","link":"https:\/\/www.familienforschung-hein.de\/index.php\/quellen-literatur\/onlinequellen\/","title":{"rendered":"Onlinequellen"},"content":{"rendered":"<p><span style=\"color: #000000;\">Eine gro\u00dfe Hilfe waren auch die folgenden Onlinequellen und -verweise<\/span><b><\/b><\/p>\n<p>&nbsp;<\/p>\n<p><a href=\"http:\/\/olsztyn.ap.gov.pl\/baza\/szukaj.php\" target=\"_blank\" rel=\"noopener noreferrer\"><span style=\"color: #3366ff;\"><span style=\"color: #330033;\">Polnisches Staatsarchiv in Olsztyn<\/span><\/span><\/a><\/p>\n<p><a href=\"http:\/\/www.vffow-buchverkauf.de\/onlinedb\/datenbanken.php\" target=\"_blank\" rel=\"noopener noreferrer\"><span style=\"color: #330033;\">Namensindex f\u00fcr die Personenstandsb\u00fccher im Polnischen Staatsarchiv in Olsztyn<br \/>\nbearbeitet vom <\/span><span style=\"color: #3366ff;\"><span style=\"color: #330033;\">Verein f\u00fcr Familienforschung in Ost- und Westpreu\u00dfen e.V. Hamburg (VFFOW)<\/span><\/span><\/a><\/p>\n<p><a href=\"http:\/\/archiv.sachsen.de\/archiv\/bestand.jsp?oid=13.01&amp;bestandid=21962&amp;syg_id=250734\" target=\"_blank\" rel=\"noopener noreferrer\"><span style=\"color: #3366ff;\"><span style=\"color: #330033;\">Bestands\u00fcbersicht der Kirchenb\u00fccher von Ostpreussen im S\u00e4chsischen Staatsarchiv in Leipzig<\/span><\/span><\/a><\/p>\n<p><a href=\"https:\/\/landesarchiv.sachsen-anhalt.de\/onlineangebote\/archivgut-online\/wie-finde-ich-digitalisate\/\" target=\"_blank\" rel=\"noopener noreferrer\"><span style=\"color: #3366ff;\"><span style=\"color: #330033;\">Bestands\u00fcbersicht der Kirchenbuchduplikate in Landeshauptarchiv Sachsen-Anhalt, Zweigstelle Dessau<\/span><\/span><\/a><\/p>\n<p><a href=\"http:\/\/gedbas.genealogy.net\/\" target=\"_blank\" rel=\"noopener noreferrer\"><span style=\"color: #3366ff;\"><span style=\"color: #330033;\">Verein f\u00fcr Computergenealogie<\/span><\/span><\/a><\/p>\n<p><a href=\"http:\/\/www.agoff.de\/\" target=\"_blank\" rel=\"noopener noreferrer\"><span style=\"color: #330033;\">Arbeitsgemeinschaft Ostdeutscher Familienforscher<\/span><\/a><\/p>\n","protected":false},"excerpt":{"rendered":"<p>Eine gro\u00dfe Hilfe waren auch die folgenden Onlinequellen und -verweise &nbsp; Polnisches Staatsarchiv in Olsztyn Namensindex f\u00fcr die Personenstandsb\u00fccher im Polnischen Staatsarchiv in Olsztyn bearbeitet vom Verein f\u00fcr Familienforschung in Ost- und Westpreu\u00dfen e.V. Hamburg (VFFOW) Bestands\u00fcbersicht der Kirchenb\u00fccher von Ostpreussen im S\u00e4chsischen Staatsarchiv in Leipzig Bestands\u00fcbersicht der Kirchenbuchduplikate in Landeshauptarchiv Sachsen-Anhalt, Zweigstelle Dessau Verein [&hellip;]<\/p>\n","protected":false},"author":2,"featured_media":0,"parent":335,"menu_order":0,"comment_status":"closed","ping_status":"closed","template":"","meta":[],"_links":{"self":[{"href":"https:\/\/www.familienforschung-hein.de\/index.php\/wp-json\/wp\/v2\/pages\/1341"}],"collection":[{"href":"https:\/\/www.familienforschung-hein.de\/index.php\/wp-json\/wp\/v2\/pages"}],"about":[{"href":"https:\/\/www.familienforschung-hein.de\/index.php\/wp-json\/wp\/v2\/types\/page"}],"author":[{"embeddable":true,"href":"https:\/\/www.familienforschung-hein.de\/index.php\/wp-json\/wp\/v2\/users\/2"}],"replies":[{"embeddable":true,"href":"https:\/\/www.familienforschung-hein.de\/index.php\/wp-json\/wp\/v2\/comments?post=1341"}],"version-history":[{"count":4,"href":"https:\/\/www.familienforschung-hein.de\/index.php\/wp-json\/wp\/v2\/pages\/1341\/revisions"}],"predecessor-version":[{"id":1351,"href":"https:\/\/www.familienforschung-hein.de\/index.php\/wp-json\/wp\/v2\/pages\/1341\/revisions\/1351"}],"up":[{"embeddable":true,"href":"https:\/\/www.familienforschung-hein.de\/index.php\/wp-json\/wp\/v2\/pages\/335"}],"wp:attachment":[{"href":"https:\/\/www.familienforschung-hein.de\/index.php\/wp-json\/wp\/v2\/media?parent=1341"}],"curies":[{"name":"wp","href":"https:\/\/api.w.org\/{rel}","templated":true}]}}