{"id":1353,"date":"2017-11-04T13:18:49","date_gmt":"2017-11-04T13:18:49","guid":{"rendered":"http:\/\/www.familienforschung-hein.de\/?page_id=1353"},"modified":"2022-04-30T13:37:35","modified_gmt":"2022-04-30T13:37:35","slug":"familien-aus-zerbstanhalt-und-dem-umfeld","status":"publish","type":"page","link":"https:\/\/www.familienforschung-hein.de\/index.php\/familien-aus-zerbstanhalt-und-dem-umfeld\/","title":{"rendered":"Familien aus Zerbst\/Anhalt und dem Umfeld"},"content":{"rendered":"<p>Die m\u00fctterliche Linie meiner Mutter kommt aus dem Zerbster Umland. Die Vorfahren waren in den Orten Eichholz, Bias, Luso, Kuhfelde und dem St\u00e4dtchen Lindau ans\u00e4ssig. Sie waren\u00a0 \u00fcberwiegend Bauern, ob als Vollsp\u00e4nner oder als Eigenk\u00e4tner. Erst Mitte des 19. Jahrhunderts kommen handwerkliche Berufe hinzu wie Schmied, Schreiner, Schuhmacher, Schneider oder sogar Lehrer, wie mein Urgo\u00dfvater Carl K\u00f6ppe.<\/p>\n<p class=\"western\">Die hier aufgef\u00fchrten Stammb\u00e4ume sind Teile einer umfangreichen Ahnenzusammenstellung mit ca. 11.000 Personen. Sie erheben keinen Anspruch auf Vollst\u00e4ndigkeit. Die vorliegenden Daten sind eine Momentaufnahme vom M\u00e4rz 2022 und erweitern sich st\u00e4ndig.<\/p>\n<p>Im Kirchenarchiv von St. Bartholom\u00e4 in Zerbst existiert ein Ortsbuch des Dorfes Eichholz und einiger kleiner umliegender Gemeinden. Dort gibt es neben detaillierten Dorfpl\u00e4nen mit Bezeichnung jedes Geh\u00f6ftes auch umfangreiche Stammb\u00e4ume \u00fcber mehrere Generationen. Angefertigt wurde diese Zusammenstellung ab 1856 vom Pfarrer des Dorfes. Eine wahre Fundgrube f\u00fcr jeden Familienforscher.<\/p>\n<p><a href=\"http:\/\/www.familienforschung-hein.de\/wp-content\/uploads\/2017\/11\/Nachkommen-Andreas-Koeppe-Passw.pdf\">Nachkommen Andreas Koeppe<\/a><\/p>\n","protected":false},"excerpt":{"rendered":"<p>Die m\u00fctterliche Linie meiner Mutter kommt aus dem Zerbster Umland. Die Vorfahren waren in den Orten Eichholz, Bias, Luso, Kuhfelde und dem St\u00e4dtchen Lindau ans\u00e4ssig. Sie waren\u00a0 \u00fcberwiegend Bauern, ob als Vollsp\u00e4nner oder als Eigenk\u00e4tner. Erst Mitte des 19. Jahrhunderts kommen handwerkliche Berufe hinzu wie Schmied, Schreiner, Schuhmacher, Schneider oder sogar Lehrer, wie mein Urgo\u00dfvater [&hellip;]<\/p>\n","protected":false},"author":2,"featured_media":0,"parent":0,"menu_order":5,"comment_status":"closed","ping_status":"closed","template":"","meta":[],"_links":{"self":[{"href":"https:\/\/www.familienforschung-hein.de\/index.php\/wp-json\/wp\/v2\/pages\/1353"}],"collection":[{"href":"https:\/\/www.familienforschung-hein.de\/index.php\/wp-json\/wp\/v2\/pages"}],"about":[{"href":"https:\/\/www.familienforschung-hein.de\/index.php\/wp-json\/wp\/v2\/types\/page"}],"author":[{"embeddable":true,"href":"https:\/\/www.familienforschung-hein.de\/index.php\/wp-json\/wp\/v2\/users\/2"}],"replies":[{"embeddable":true,"href":"https:\/\/www.familienforschung-hein.de\/index.php\/wp-json\/wp\/v2\/comments?post=1353"}],"version-history":[{"count":5,"href":"https:\/\/www.familienforschung-hein.de\/index.php\/wp-json\/wp\/v2\/pages\/1353\/revisions"}],"predecessor-version":[{"id":1588,"href":"https:\/\/www.familienforschung-hein.de\/index.php\/wp-json\/wp\/v2\/pages\/1353\/revisions\/1588"}],"wp:attachment":[{"href":"https:\/\/www.familienforschung-hein.de\/index.php\/wp-json\/wp\/v2\/media?parent=1353"}],"curies":[{"name":"wp","href":"https:\/\/api.w.org\/{rel}","templated":true}]}}