{"id":1361,"date":"2017-11-04T13:27:36","date_gmt":"2017-11-04T13:27:36","guid":{"rendered":"http:\/\/www.familienforschung-hein.de\/?page_id=1361"},"modified":"2017-12-11T09:34:40","modified_gmt":"2017-12-11T09:34:40","slug":"familie-koeppe","status":"publish","type":"page","link":"https:\/\/www.familienforschung-hein.de\/index.php\/familien-aus-zerbstanhalt-und-dem-umfeld\/familie-koeppe\/","title":{"rendered":"Familie K\u00f6ppe"},"content":{"rendered":"<p>Die Familie K\u00f6ppe aus dem Zerbster Land geh\u00f6rt zu meinen direkten Vorfahren. Meine Gro\u00dfmutter Margarethe Lerch war eine geborene K\u00f6ppe. Die Familie ist recht zahlreich in dieser Gegend vertreten. Neben dem Familienstammbaum existieren in meiner Datenbank viele Personen und kleinere Stammb\u00e4ume, die sich bisher noch nicht verkn\u00fcpfen liessen.<\/p>\n<p>Zur Familie K\u00f6ppe geh\u00f6ren die Familien<br \/>\nSchoene, Finger, <a href=\"http:\/\/www.familienforschung-hein.de\/index.php\/familien-aus-zerbstanhalt-und-dem-umfeld\/familie-meissner\/\" target=\"_blank\" rel=\"noopener noreferrer\">Meissner<\/a>, Grasshof<\/p>\n<div id='gallery-1' class='gallery galleryid-1361 gallery-columns-1 gallery-size-medium'><figure class='gallery-item'>\n\t\t\t<div class='gallery-icon landscape'>\n\t\t\t\t<a href='https:\/\/www.familienforschung-hein.de\/index.php\/familien-aus-zerbstanhalt-und-dem-umfeld\/familie-koeppe\/nachkommen-von-johann-peter-karl-koeppe\/'><img width=\"300\" height=\"100\" src=\"https:\/\/www.familienforschung-hein.de\/wp-content\/uploads\/2017\/11\/Nachkommen-von-Johann-Peter-Karl-Koeppe-300x100.jpg\" class=\"attachment-medium size-medium\" alt=\"Nachkommen von Johann-Peter Karl K\u00f6ppe\" decoding=\"async\" loading=\"lazy\" aria-describedby=\"gallery-1-1475\" srcset=\"https:\/\/www.familienforschung-hein.de\/wp-content\/uploads\/2017\/11\/Nachkommen-von-Johann-Peter-Karl-Koeppe-300x100.jpg 300w, https:\/\/www.familienforschung-hein.de\/wp-content\/uploads\/2017\/11\/Nachkommen-von-Johann-Peter-Karl-Koeppe-768x257.jpg 768w, https:\/\/www.familienforschung-hein.de\/wp-content\/uploads\/2017\/11\/Nachkommen-von-Johann-Peter-Karl-Koeppe-1024x343.jpg 1024w, https:\/\/www.familienforschung-hein.de\/wp-content\/uploads\/2017\/11\/Nachkommen-von-Johann-Peter-Karl-Koeppe.jpg 1772w\" sizes=\"(max-width: 300px) 100vw, 300px\" \/><\/a>\n\t\t\t<\/div>\n\t\t\t\t<figcaption class='wp-caption-text gallery-caption' id='gallery-1-1475'>\n\t\t\t\tNachkommen von Johann-Peter Karl K\u00f6ppe\n\t\t\t\t<\/figcaption><\/figure>\n\t\t<\/div>\n\n","protected":false},"excerpt":{"rendered":"<p>Die Familie K\u00f6ppe aus dem Zerbster Land geh\u00f6rt zu meinen direkten Vorfahren. Meine Gro\u00dfmutter Margarethe Lerch war eine geborene K\u00f6ppe. Die Familie ist recht zahlreich in dieser Gegend vertreten. Neben dem Familienstammbaum existieren in meiner Datenbank viele Personen und kleinere Stammb\u00e4ume, die sich bisher noch nicht verkn\u00fcpfen liessen. Zur Familie K\u00f6ppe geh\u00f6ren die Familien Schoene, [&hellip;]<\/p>\n","protected":false},"author":2,"featured_media":0,"parent":1353,"menu_order":0,"comment_status":"closed","ping_status":"closed","template":"","meta":[],"_links":{"self":[{"href":"https:\/\/www.familienforschung-hein.de\/index.php\/wp-json\/wp\/v2\/pages\/1361"}],"collection":[{"href":"https:\/\/www.familienforschung-hein.de\/index.php\/wp-json\/wp\/v2\/pages"}],"about":[{"href":"https:\/\/www.familienforschung-hein.de\/index.php\/wp-json\/wp\/v2\/types\/page"}],"author":[{"embeddable":true,"href":"https:\/\/www.familienforschung-hein.de\/index.php\/wp-json\/wp\/v2\/users\/2"}],"replies":[{"embeddable":true,"href":"https:\/\/www.familienforschung-hein.de\/index.php\/wp-json\/wp\/v2\/comments?post=1361"}],"version-history":[{"count":5,"href":"https:\/\/www.familienforschung-hein.de\/index.php\/wp-json\/wp\/v2\/pages\/1361\/revisions"}],"predecessor-version":[{"id":1477,"href":"https:\/\/www.familienforschung-hein.de\/index.php\/wp-json\/wp\/v2\/pages\/1361\/revisions\/1477"}],"up":[{"embeddable":true,"href":"https:\/\/www.familienforschung-hein.de\/index.php\/wp-json\/wp\/v2\/pages\/1353"}],"wp:attachment":[{"href":"https:\/\/www.familienforschung-hein.de\/index.php\/wp-json\/wp\/v2\/media?parent=1361"}],"curies":[{"name":"wp","href":"https:\/\/api.w.org\/{rel}","templated":true}]}}