{"id":1365,"date":"2017-11-04T13:31:49","date_gmt":"2017-11-04T13:31:49","guid":{"rendered":"http:\/\/www.familienforschung-hein.de\/?page_id=1365"},"modified":"2019-01-09T09:17:18","modified_gmt":"2019-01-09T09:17:18","slug":"familie-meissner","status":"publish","type":"page","link":"https:\/\/www.familienforschung-hein.de\/index.php\/familien-aus-zerbstanhalt-und-dem-umfeld\/familie-meissner\/","title":{"rendered":"Familie Meissner"},"content":{"rendered":"<p>Die Familie Meissner aus dem Zerbster Land geh\u00f6rt zu meinen direkten Vorfahren. Die Familie war in den D\u00f6rfern Eichholz und Leps stark vertreten. Neben dem Familienstammbaum existieren in meiner Datenbank viele Personen und kleinere Stammb\u00e4ume, die sich bisher noch nicht verkn\u00fcpfen liessen.<\/p>\n<p>&nbsp;<\/p>\n<p>Zur Familie Meissner geh\u00f6ren die Familien<br \/>\n<a href=\"http:\/\/www.familienforschung-hein.de\/index.php\/familien-aus-zerbstanhalt-und-dem-umfeld\/familie-koeppe\/\" target=\"_blank\" rel=\"noopener noreferrer\">K\u00f6ppe<\/a>, Baumgarten, Leps, Brademann<\/p>\n<p><a href=\"http:\/\/www.familienforschung-hein.de\/wp-content\/uploads\/2019\/01\/Nachkommen-Hermann-Meissner-Passw.pdf\">Nachkommen Hermann Meissner<\/a><\/p>\n","protected":false},"excerpt":{"rendered":"<p>Die Familie Meissner aus dem Zerbster Land geh\u00f6rt zu meinen direkten Vorfahren. Die Familie war in den D\u00f6rfern Eichholz und Leps stark vertreten. Neben dem Familienstammbaum existieren in meiner Datenbank viele Personen und kleinere Stammb\u00e4ume, die sich bisher noch nicht verkn\u00fcpfen liessen. &nbsp; Zur Familie Meissner geh\u00f6ren die Familien K\u00f6ppe, Baumgarten, Leps, Brademann Nachkommen Hermann [&hellip;]<\/p>\n","protected":false},"author":2,"featured_media":0,"parent":1353,"menu_order":0,"comment_status":"closed","ping_status":"closed","template":"","meta":[],"_links":{"self":[{"href":"https:\/\/www.familienforschung-hein.de\/index.php\/wp-json\/wp\/v2\/pages\/1365"}],"collection":[{"href":"https:\/\/www.familienforschung-hein.de\/index.php\/wp-json\/wp\/v2\/pages"}],"about":[{"href":"https:\/\/www.familienforschung-hein.de\/index.php\/wp-json\/wp\/v2\/types\/page"}],"author":[{"embeddable":true,"href":"https:\/\/www.familienforschung-hein.de\/index.php\/wp-json\/wp\/v2\/users\/2"}],"replies":[{"embeddable":true,"href":"https:\/\/www.familienforschung-hein.de\/index.php\/wp-json\/wp\/v2\/comments?post=1365"}],"version-history":[{"count":6,"href":"https:\/\/www.familienforschung-hein.de\/index.php\/wp-json\/wp\/v2\/pages\/1365\/revisions"}],"predecessor-version":[{"id":1525,"href":"https:\/\/www.familienforschung-hein.de\/index.php\/wp-json\/wp\/v2\/pages\/1365\/revisions\/1525"}],"up":[{"embeddable":true,"href":"https:\/\/www.familienforschung-hein.de\/index.php\/wp-json\/wp\/v2\/pages\/1353"}],"wp:attachment":[{"href":"https:\/\/www.familienforschung-hein.de\/index.php\/wp-json\/wp\/v2\/media?parent=1365"}],"curies":[{"name":"wp","href":"https:\/\/api.w.org\/{rel}","templated":true}]}}