{"id":1385,"date":"2017-11-04T15:15:41","date_gmt":"2017-11-04T15:15:41","guid":{"rendered":"http:\/\/www.familienforschung-hein.de\/?page_id=1385"},"modified":"2017-11-09T08:44:58","modified_gmt":"2017-11-09T08:44:58","slug":"familie-wazinski","status":"publish","type":"page","link":"https:\/\/www.familienforschung-hein.de\/index.php\/familien-aus-ostpreussen\/familie-wazinski\/","title":{"rendered":"Familie Wazinski"},"content":{"rendered":"<p>Diese Familie ist eine direkte Vorfahrenlinie in meinem Familienstammbaum. Meine Gro\u00dfmutter v\u00e4terlicherseits, Bertha Koslowski war eine geborene Wazinski. Die Familie war in den kleinen D\u00f6fern Dlusken, Dungen und Tafelbude, \u00f6stlich von Osterode\/OPR ans\u00e4ssig. Die heutigen Nachfahren leben in Kajkowo, ehem. Buchwalde. Die Familien hatten h\u00e4ufig eine gro\u00dfe Anzahl von Kindern, die ebenfalls wieder viele Kinder hatten. Dadurch entstand nach nur wenigen Generationen eine umfangreiche Sippe.<\/p>\n<p>Zur Familie Wazinski geh\u00f6ren die Familien <a href=\"http:\/\/www.familienforschung-hein.de\/index.php\/familien-aus-ostpreussen\/familie-koslowski\/\" target=\"_blank\" rel=\"noopener noreferrer\">Koslowski<\/a>, Preu\u00df, <a href=\"http:\/\/www.familienforschung-hein.de\/index.php\/familien-aus-ostpreussen\/familie-schareina\/\" target=\"_blank\" rel=\"noopener noreferrer\">Schareina<\/a> und Drabe<\/p>\n<p><a href=\"http:\/\/www.familienforschung-hein.de\/wp-content\/uploads\/2017\/11\/Nachkommen-Gottfried-Wazinski-Passw-.pdf\">Nachkommen Gottfried Wazinski<\/a><\/p>\n<p>&nbsp;<\/p>\n","protected":false},"excerpt":{"rendered":"<p>Diese Familie ist eine direkte Vorfahrenlinie in meinem Familienstammbaum. Meine Gro\u00dfmutter v\u00e4terlicherseits, Bertha Koslowski war eine geborene Wazinski. Die Familie war in den kleinen D\u00f6fern Dlusken, Dungen und Tafelbude, \u00f6stlich von Osterode\/OPR ans\u00e4ssig. Die heutigen Nachfahren leben in Kajkowo, ehem. Buchwalde. Die Familien hatten h\u00e4ufig eine gro\u00dfe Anzahl von Kindern, die ebenfalls wieder viele Kinder [&hellip;]<\/p>\n","protected":false},"author":2,"featured_media":0,"parent":655,"menu_order":0,"comment_status":"closed","ping_status":"closed","template":"","meta":[],"_links":{"self":[{"href":"https:\/\/www.familienforschung-hein.de\/index.php\/wp-json\/wp\/v2\/pages\/1385"}],"collection":[{"href":"https:\/\/www.familienforschung-hein.de\/index.php\/wp-json\/wp\/v2\/pages"}],"about":[{"href":"https:\/\/www.familienforschung-hein.de\/index.php\/wp-json\/wp\/v2\/types\/page"}],"author":[{"embeddable":true,"href":"https:\/\/www.familienforschung-hein.de\/index.php\/wp-json\/wp\/v2\/users\/2"}],"replies":[{"embeddable":true,"href":"https:\/\/www.familienforschung-hein.de\/index.php\/wp-json\/wp\/v2\/comments?post=1385"}],"version-history":[{"count":4,"href":"https:\/\/www.familienforschung-hein.de\/index.php\/wp-json\/wp\/v2\/pages\/1385\/revisions"}],"predecessor-version":[{"id":1421,"href":"https:\/\/www.familienforschung-hein.de\/index.php\/wp-json\/wp\/v2\/pages\/1385\/revisions\/1421"}],"up":[{"embeddable":true,"href":"https:\/\/www.familienforschung-hein.de\/index.php\/wp-json\/wp\/v2\/pages\/655"}],"wp:attachment":[{"href":"https:\/\/www.familienforschung-hein.de\/index.php\/wp-json\/wp\/v2\/media?parent=1385"}],"curies":[{"name":"wp","href":"https:\/\/api.w.org\/{rel}","templated":true}]}}