{"id":314,"date":"2017-04-25T12:37:35","date_gmt":"2017-04-25T12:37:35","guid":{"rendered":"http:\/\/192.168.90.107\/wordpress2\/?page_id=314"},"modified":"2022-04-30T13:27:39","modified_gmt":"2022-04-30T13:27:39","slug":"gesamtvorfahren","status":"publish","type":"page","link":"https:\/\/www.familienforschung-hein.de\/index.php\/gesamtvorfahren\/","title":{"rendered":"Die Vorfahren meines Vaters in Ostpreu\u00dfen"},"content":{"rendered":"<div>Die Vorfahren meines Vaters stammen aus Ostpreussen im ehemaligen Kreis Osterode.<\/div>\n<div>1939 lie\u00df mein Gro\u00dfvater Otto, Albert <a href=\"http:\/\/www.familienforschung-hein.de\/index.php\/familien-aus-ostpreussen\/familie-koslowski\/\" target=\"_blank\" rel=\"noopener noreferrer\">Koslowski<\/a> den Familiennamen arisieren. Von nun an hie\u00df die Familie Hein. Bis 1945 war die Familie im Ort Biesellen ans\u00e4ssig. Neben der Familie Koslowski, die bisher bis zu Adam Koslowski, geb. ca. 1780 dokumentiert ist, geh\u00f6ren zu den weiteren Vorfahren die Familien <a href=\"http:\/\/www.familienforschung-hein.de\/index.php\/familien-aus-ostpreussen\/familie-rettkowski\/\" target=\"_blank\" rel=\"noopener noreferrer\">Rettkowski<\/a>, Luka, Weichert, Mitruszewski und Pokojewski. Alle diese Familien waren in den umliegenden Ortschaften beheimatet.<\/div>\n<p>Meine Gro\u00dfmutter Berta Koslowski, war eine geb\u00fcrtige Wazinski. Zu dieser Linie geh\u00f6ren die Familien <a href=\"http:\/\/www.familienforschung-hein.de\/index.php\/familien-aus-ostpreussen\/familie-packusch\/\" target=\"_blank\" rel=\"noopener noreferrer\">Pakusch<\/a>, <a href=\"http:\/\/www.familienforschung-hein.de\/index.php\/familien-aus-ostpreussen\/familie-schareina\/\" target=\"_blank\" rel=\"noopener noreferrer\">Schareina<\/a>, Drabe und Joswich.<\/p>\n<p>Zu den interessanten Nebenlinien geh\u00f6ren solche Familien wie <a href=\"http:\/\/www.familienforschung-hein.de\/index.php\/familien-aus-ostpreussen\/tybussek\/\" target=\"_blank\" rel=\"noopener noreferrer\">Tybussek<\/a>, <a href=\"http:\/\/www.familienforschung-hein.de\/index.php\/familien-aus-ostpreussen\/nachkommen-des-johann-striewski\/\" target=\"_blank\" rel=\"noopener noreferrer\">Striewski<\/a>, Badziong, <a href=\"http:\/\/www.familienforschung-hein.de\/index.php\/familien-aus-ostpreussen\/familie-naguschewski\/\" target=\"_blank\" rel=\"noopener noreferrer\">Naguschewski<\/a> und Schimmelpfennig <span style=\"font-family: Calibri;\">\u2013<\/span> alle aus dem ehemaligen Kreis Osterode\/Ostpreusen.<\/p>\n<p>\u00a0<\/p>\n<p>Hier folgen die Vorfahren von<\/p>\n<ul>\n<li><a href=\"http:\/\/www.familienforschung-hein.de\/wp-content\/uploads\/2017\/05\/Vorfahren-von-Helmut-Erich-Hein-Koslowski.pdf\">Helmut Erich Hein (Koslowski)<\/a><\/li>\n<\/ul>\n\n\n<p><\/p>\n","protected":false},"excerpt":{"rendered":"<p>Die Vorfahren meines Vaters stammen aus Ostpreussen im ehemaligen Kreis Osterode. 1939 lie\u00df mein Gro\u00dfvater Otto, Albert Koslowski den Familiennamen arisieren. Von nun an hie\u00df die Familie Hein. Bis 1945 war die Familie im Ort Biesellen ans\u00e4ssig. Neben der Familie Koslowski, die bisher bis zu Adam Koslowski, geb. ca. 1780 dokumentiert ist, geh\u00f6ren zu den [&hellip;]<\/p>\n","protected":false},"author":1,"featured_media":0,"parent":0,"menu_order":1,"comment_status":"closed","ping_status":"closed","template":"page-notitle.php","meta":[],"_links":{"self":[{"href":"https:\/\/www.familienforschung-hein.de\/index.php\/wp-json\/wp\/v2\/pages\/314"}],"collection":[{"href":"https:\/\/www.familienforschung-hein.de\/index.php\/wp-json\/wp\/v2\/pages"}],"about":[{"href":"https:\/\/www.familienforschung-hein.de\/index.php\/wp-json\/wp\/v2\/types\/page"}],"author":[{"embeddable":true,"href":"https:\/\/www.familienforschung-hein.de\/index.php\/wp-json\/wp\/v2\/users\/1"}],"replies":[{"embeddable":true,"href":"https:\/\/www.familienforschung-hein.de\/index.php\/wp-json\/wp\/v2\/comments?post=314"}],"version-history":[{"count":27,"href":"https:\/\/www.familienforschung-hein.de\/index.php\/wp-json\/wp\/v2\/pages\/314\/revisions"}],"predecessor-version":[{"id":1583,"href":"https:\/\/www.familienforschung-hein.de\/index.php\/wp-json\/wp\/v2\/pages\/314\/revisions\/1583"}],"wp:attachment":[{"href":"https:\/\/www.familienforschung-hein.de\/index.php\/wp-json\/wp\/v2\/media?parent=314"}],"curies":[{"name":"wp","href":"https:\/\/api.w.org\/{rel}","templated":true}]}}