{"id":325,"date":"2017-04-25T12:41:47","date_gmt":"2017-04-25T12:41:47","guid":{"rendered":"http:\/\/192.168.90.107\/wordpress2\/?page_id=325"},"modified":"2022-04-30T13:33:33","modified_gmt":"2022-04-30T13:33:33","slug":"dessauer-familien","status":"publish","type":"page","link":"https:\/\/www.familienforschung-hein.de\/index.php\/dessauer-familien\/","title":{"rendered":"Familien aus Dessau und Anhalt"},"content":{"rendered":"<h5 class=\"western\">Die hier aufgef\u00fchrten Stammb\u00e4ume sind ein Ausschnitt aus einer umfangreichen Ahnenzusammenstellung und erheben keinen Anspruch auf Vollst\u00e4ndigkeit. Insbesondere entfernte Linien au\u00dferhalb Anhalts oder Deutschlands wurde nicht weiterverfolgt. Die vorliegenden Stammb\u00e4ume sind eine Momentaufnahme vom M\u00e4rz 2022 und erweitern sich st\u00e4ndig.<br \/>\nDer Familienstammbaum wurde mit der Genealogie-Software von My Heritage erstellt und umfasst derzeit ca. 11000 Personen. Lebende Personen werden hier nicht aufgef\u00fchrt.<br \/>\nDer Herausgeber ist bem\u00fcht, gr\u00f6\u00dfere Ver\u00e4nderungen auch in dieser Internet-Pr\u00e4senz einzuarbeiten.<\/h5>\n<h5>Der Herausgeber w\u00fcrde sich \u00fcber Korrekturen, Hinweise und Erg\u00e4nzungen freuen und steht f\u00fcr detaillierte Anfragen von Familienforschern gern zur Verf\u00fcgung.<\/h5>\n<h5 class=\"western\"><\/h5>\n","protected":false},"excerpt":{"rendered":"<p>Die hier aufgef\u00fchrten Stammb\u00e4ume sind ein Ausschnitt aus einer umfangreichen Ahnenzusammenstellung und erheben keinen Anspruch auf Vollst\u00e4ndigkeit. Insbesondere entfernte Linien au\u00dferhalb Anhalts oder Deutschlands wurde nicht weiterverfolgt. Die vorliegenden Stammb\u00e4ume sind eine Momentaufnahme vom M\u00e4rz 2022 und erweitern sich st\u00e4ndig. Der Familienstammbaum wurde mit der Genealogie-Software von My Heritage erstellt und umfasst derzeit ca. 11000 [&hellip;]<\/p>\n","protected":false},"author":1,"featured_media":0,"parent":0,"menu_order":3,"comment_status":"closed","ping_status":"closed","template":"page-notitle.php","meta":[],"_links":{"self":[{"href":"https:\/\/www.familienforschung-hein.de\/index.php\/wp-json\/wp\/v2\/pages\/325"}],"collection":[{"href":"https:\/\/www.familienforschung-hein.de\/index.php\/wp-json\/wp\/v2\/pages"}],"about":[{"href":"https:\/\/www.familienforschung-hein.de\/index.php\/wp-json\/wp\/v2\/types\/page"}],"author":[{"embeddable":true,"href":"https:\/\/www.familienforschung-hein.de\/index.php\/wp-json\/wp\/v2\/users\/1"}],"replies":[{"embeddable":true,"href":"https:\/\/www.familienforschung-hein.de\/index.php\/wp-json\/wp\/v2\/comments?post=325"}],"version-history":[{"count":46,"href":"https:\/\/www.familienforschung-hein.de\/index.php\/wp-json\/wp\/v2\/pages\/325\/revisions"}],"predecessor-version":[{"id":1585,"href":"https:\/\/www.familienforschung-hein.de\/index.php\/wp-json\/wp\/v2\/pages\/325\/revisions\/1585"}],"wp:attachment":[{"href":"https:\/\/www.familienforschung-hein.de\/index.php\/wp-json\/wp\/v2\/media?parent=325"}],"curies":[{"name":"wp","href":"https:\/\/api.w.org\/{rel}","templated":true}]}}