{"id":329,"date":"2017-04-25T12:42:26","date_gmt":"2017-04-25T12:42:26","guid":{"rendered":"http:\/\/192.168.90.107\/wordpress2\/?page_id=329"},"modified":"2022-04-30T13:25:13","modified_gmt":"2022-04-30T13:25:13","slug":"arisierte-ortsnamen","status":"publish","type":"page","link":"https:\/\/www.familienforschung-hein.de\/index.php\/arisierte-ortsnamen\/","title":{"rendered":"Arisierte Ortsnamen in Ostpreussen"},"content":{"rendered":"<p>1938 kam es in Ostpreussen zu einer massiven Umbenennung alter polnisch oder altpreussisch klingender Ortsnamen, aber auch von Seen und Waldst\u00fccke. Auch die Provinzen Schlesien und Oberschlesien waren betroffen. Auf Betreiben des Gauleiters Erich Koch begann in Ostpreussen eine &#8220;ethnische Flurbereinigung&#8221;. Einige wenige Ortsnamen wurden aus verschiedenen Gr\u00fcnden schon fr\u00fcher ge\u00e4ndert.<br \/>\nDie Umbenennungen waren aber nur von kurzer Dauer. Nach 1945 wurden die Ortsnamen von den jetzt polnischen Beh\u00f6rden wieder neu festgelegt. Meist wurden die alten Namen wiederverwendet.<\/p>\n<p class=\"western\"><span style=\"font-size: small;\">Quelle: <\/span><span style=\"font-size: small;\">Runderlass des PrMdI vom 12.4.1938 &#8211; &#8220;Namens\u00e4nderungen von Gemeinden und Gemeindeteilen und Grenz\u00e4nderungen von Gemeinden&#8221; in: Sonderabdruck Nr. 88 des Ministerialblatt des Reichs- und Preu\u00dfischen Ministeriums des Inneren 1938, Nr. 49 (RMBliB Seite 660) <\/span><\/p>\n<p>Sonderdruck Nr. 88 von 1938<\/p>\n<h6 class=\"western\" style=\"text-align: left;\"><\/h6>\n","protected":false},"excerpt":{"rendered":"<p>1938 kam es in Ostpreussen zu einer massiven Umbenennung alter polnisch oder altpreussisch klingender Ortsnamen, aber auch von Seen und Waldst\u00fccke. Auch die Provinzen Schlesien und Oberschlesien waren betroffen. Auf Betreiben des Gauleiters Erich Koch begann in Ostpreussen eine &#8220;ethnische Flurbereinigung&#8221;. Einige wenige Ortsnamen wurden aus verschiedenen Gr\u00fcnden schon fr\u00fcher ge\u00e4ndert. Die Umbenennungen waren aber [&hellip;]<\/p>\n","protected":false},"author":1,"featured_media":0,"parent":0,"menu_order":6,"comment_status":"closed","ping_status":"closed","template":"page-notitle.php","meta":[],"_links":{"self":[{"href":"https:\/\/www.familienforschung-hein.de\/index.php\/wp-json\/wp\/v2\/pages\/329"}],"collection":[{"href":"https:\/\/www.familienforschung-hein.de\/index.php\/wp-json\/wp\/v2\/pages"}],"about":[{"href":"https:\/\/www.familienforschung-hein.de\/index.php\/wp-json\/wp\/v2\/types\/page"}],"author":[{"embeddable":true,"href":"https:\/\/www.familienforschung-hein.de\/index.php\/wp-json\/wp\/v2\/users\/1"}],"replies":[{"embeddable":true,"href":"https:\/\/www.familienforschung-hein.de\/index.php\/wp-json\/wp\/v2\/comments?post=329"}],"version-history":[{"count":18,"href":"https:\/\/www.familienforschung-hein.de\/index.php\/wp-json\/wp\/v2\/pages\/329\/revisions"}],"predecessor-version":[{"id":1582,"href":"https:\/\/www.familienforschung-hein.de\/index.php\/wp-json\/wp\/v2\/pages\/329\/revisions\/1582"}],"wp:attachment":[{"href":"https:\/\/www.familienforschung-hein.de\/index.php\/wp-json\/wp\/v2\/media?parent=329"}],"curies":[{"name":"wp","href":"https:\/\/api.w.org\/{rel}","templated":true}]}}