{"id":335,"date":"2017-04-25T12:43:30","date_gmt":"2017-04-25T12:43:30","guid":{"rendered":"http:\/\/192.168.90.107\/wordpress2\/?page_id=335"},"modified":"2017-11-04T15:46:29","modified_gmt":"2017-11-04T15:46:29","slug":"quellen-literatur","status":"publish","type":"page","link":"https:\/\/www.familienforschung-hein.de\/index.php\/quellen-literatur\/","title":{"rendered":"Quellen &#038; Literatur"},"content":{"rendered":"<h5 class=\"western\"><span style=\"font-family: Arial,sans-serif;\"><span style=\"font-size: medium;\">Verwendete Literatur und weitere Quellen<\/span><\/span><\/h5>\n<h5 class=\"western\"><span style=\"font-family: Arial,sans-serif; color: #000000; font-size: medium;\">Historie Des F\u00fcrstentums Anhalt; Von dessen Alten Einwohnern und einigen an noch vorhandenen Alten Monumenten\/ Nat\u00fcrlicher G\u00fcltigkeit\/ Entheiligung\/ Fl\u00fcssen\/ St\u00e4tten\/ Flecken und D\u00f6rfern\/ F\u00fcrstlich Hoheit\/ Geschichten der F\u00fcrst. &#8230;Abgefasst von Johann Christoff Beckmannen, Zerbst, 1710.<\/span><\/h5>\n<h5 class=\"western\"><span style=\"font-family: Arial,sans-serif; color: #000000; font-size: medium;\">Das Herzogtum Anhalt; Historisch, geographisch und statistisch dargestellt von Ferdinand Siebigk, Verlag von A. Desbarats, Dessau, 1867.<\/span><\/h5>\n<h5 class=\"western\"><span style=\"font-family: Arial,sans-serif; color: #000000; font-size: medium;\">Hof- und Staatshandbuch f\u00fcr das Herzogtum Anhalt, einzelne B\u00e4nde herausgegeben zwischen 1851 und 1938. <\/span><\/h5>\n<h5 class=\"western\"><span style=\"font-family: Arial,sans-serif; color: #000000; font-size: medium;\">Adressbuch der Stadt Dessau; herausgegeben zwischen 1836 (?) und 1944\/45.<\/span><\/h5>\n<h5 class=\"western\"><span style=\"font-family: Arial,sans-serif; color: #000000; font-size: medium;\">Chronik der Stadt Dessau; Von den fr\u00fchesten Zeiten bis Ende 1875, L. W\u00fcrdig, Dessau, 1876.<\/span><\/h5>\n<h5 class=\"western\"><span style=\"font-family: Arial,sans-serif; color: #000000; font-size: medium;\">Ein Gang \u00fcber die beiden alten Dessauer Friedh\u00f6fe; L. W\u00fcrdig; Dessau, 1866, Reprint im Funk Verlag Bernhard Hein e.K., Dessau, 2013.<\/span><\/h5>\n<h5 class=\"western\"><span style=\"font-family: Arial,sans-serif; color: #000000; font-size: medium;\">Die Dessauer Chronik, B. Heese, Dessau, 1924\/25.<\/span><\/h5>\n<h5 class=\"western\"><span style=\"font-family: Arial,sans-serif; color: #000000; font-size: medium;\">Tossanus-Eine Gelehrtenfamilie&#8230; im Zeitalter der Reformation; M. Rudolph, Degener Verlag; Insingen, 2010.<\/span><\/h5>\n<h5 class=\"western\"><span style=\"font-family: Arial,sans-serif; color: #000000; font-size: medium;\">Die Salmuth &#8211; Entwicklungsgeschichte einer Familie; G. Seibold; Degener Verlag, Neustadt a.d.A., 1996.<\/span><\/h5>\n<h5 class=\"western\"><span style=\"font-family: Arial,sans-serif; color: #000000; font-size: medium;\">von Gerlach-Lebensbilder einer Familie in sechs Jahrhunderten; J. v. Gerlach; Degener Verlag; Insingen, 2015.<\/span><\/h5>\n<h5 class=\"western\"><span style=\"font-family: Arial,sans-serif; color: #000000; font-size: medium;\">Die Geschichte der Familie von Raumer;, H.v. Raumer, Degener Verlag, Neustadt a.d.A., 1975.<\/span><\/h5>\n<h5 class=\"western\"><span style=\"font-family: Arial,sans-serif; color: #000000; font-size: medium;\">Die geheime Ehe des Erbprinzen Wilhelm Gustav von Anhalt-Dessau und die Reichsgrafen von Anhalt; P. Herre, Verlag Friedrich Gast, Zerbst1933, Reprint im Funk Verlag Bernhard Hein e.K., Dessau, 2006.<\/span><\/h5>\n<h5 class=\"western\"><span style=\"font-family: Arial,sans-serif; color: #000000; font-size: medium;\">Dessauer Biografien &#8211; Ber\u00fchmte, ber\u00fcchtigte oder einfach nur erw\u00e4hnenswerte Menschen, die in Dessau geboren wurden, hier gelebt haben oder gestorben sind; B. Hein, Funk Verlag Bernhard Hein e.K., Dessau, 2013.<\/span><\/h5>\n<h5 class=\"western\"><span style=\"font-family: Arial,sans-serif; color: #000000; font-size: medium;\">SCHRIFTENREIHE DER STIFTUNG STOYE, Band 42<br \/>\nRudolf Stoye\/Arno Stoye\/Hermann Auffahrt-Genealogische Nachl\u00e4sse; bearbeitet von Jochen Steinecke, Marburg a.d.L., 2006.<\/span><\/h5>\n<h5 class=\"western\"><span style=\"font-family: Arial,sans-serif; color: #000000; font-size: medium;\">Nachkommen von Hans Hildebrand Ziegenfuss; M. Born, eBook, 2014.<\/span><\/h5>\n<h5 class=\"western\"><span style=\"font-family: Arial,sans-serif; color: #000000; font-size: medium;\">Anhaltisches Pfarrer Buch; H. Graf; Evang. Landeskirche; Dessau, 1996.<\/span><\/h5>\n<h5 class=\"western\"><span style=\"font-family: Arial,sans-serif; color: #000000; font-size: medium;\">Osteroder Zeitung &#8211; Heimatbrief der Kreisgemeinschaft Osterode Ostpr. e.V. erscheint 2 x j\u00e4hrlich, seit 1950 in Osterode im Harz.<\/span><\/h5>\n<p><span style=\"color: #000000;\">Der Schlo\u00dfm\u00fcller Georg Hermann in Dessau und seine Nachkommen; in: Mitteldeutsche Familienkunde, Band III, Jahrgang 12,<\/span><br \/>\n<span style=\"color: #000000;\"> Heft 2, 1971.<\/span><\/p>\n<p><span style=\"color: #000000;\">Sonderschrift des Vereins f\u00fcr Familienforschung in Ost- und Westpreussen e.V. Nr. 113<\/span><br \/>\n<span style=\"color: #000000;\"> W. Mathiak; Das Kirchspiel Locken-Langgut Kreis Osterode\/Ostpreussen bis 1945.<\/span><\/p>\n<p><span style=\"color: #000000;\">Die \u00e4ltesten Wachstedter Familien, Dr. Christoph Lerch in: Eichsfelder Heimatbote, 1937\/52<\/span><\/p>\n<p><span style=\"color: #000000;\">Chronik von Wachstedt\/Eichsfeld; A. Richwien und E. Fritze, Verlag Rockstuhl, Bad Langensalza, 2012<\/span><\/p>\n","protected":false},"excerpt":{"rendered":"<p>Verwendete Literatur und weitere Quellen Historie Des F\u00fcrstentums Anhalt; Von dessen Alten Einwohnern und einigen an noch vorhandenen Alten Monumenten\/ Nat\u00fcrlicher G\u00fcltigkeit\/ Entheiligung\/ Fl\u00fcssen\/ St\u00e4tten\/ Flecken und D\u00f6rfern\/ F\u00fcrstlich Hoheit\/ Geschichten der F\u00fcrst. &#8230;Abgefasst von Johann Christoff Beckmannen, Zerbst, 1710. Das Herzogtum Anhalt; Historisch, geographisch und statistisch dargestellt von Ferdinand Siebigk, Verlag von A. Desbarats, [&hellip;]<\/p>\n","protected":false},"author":1,"featured_media":0,"parent":0,"menu_order":19,"comment_status":"closed","ping_status":"closed","template":"page-notitle.php","meta":[],"_links":{"self":[{"href":"https:\/\/www.familienforschung-hein.de\/index.php\/wp-json\/wp\/v2\/pages\/335"}],"collection":[{"href":"https:\/\/www.familienforschung-hein.de\/index.php\/wp-json\/wp\/v2\/pages"}],"about":[{"href":"https:\/\/www.familienforschung-hein.de\/index.php\/wp-json\/wp\/v2\/types\/page"}],"author":[{"embeddable":true,"href":"https:\/\/www.familienforschung-hein.de\/index.php\/wp-json\/wp\/v2\/users\/1"}],"replies":[{"embeddable":true,"href":"https:\/\/www.familienforschung-hein.de\/index.php\/wp-json\/wp\/v2\/comments?post=335"}],"version-history":[{"count":10,"href":"https:\/\/www.familienforschung-hein.de\/index.php\/wp-json\/wp\/v2\/pages\/335\/revisions"}],"predecessor-version":[{"id":1045,"href":"https:\/\/www.familienforschung-hein.de\/index.php\/wp-json\/wp\/v2\/pages\/335\/revisions\/1045"}],"wp:attachment":[{"href":"https:\/\/www.familienforschung-hein.de\/index.php\/wp-json\/wp\/v2\/media?parent=335"}],"curies":[{"name":"wp","href":"https:\/\/api.w.org\/{rel}","templated":true}]}}