{"id":655,"date":"2017-05-04T13:40:04","date_gmt":"2017-05-04T13:40:04","guid":{"rendered":"http:\/\/94.100.71.62:801\/wordpress2\/?page_id=655"},"modified":"2022-04-07T14:42:58","modified_gmt":"2022-04-07T14:42:58","slug":"familien-aus-ostpreussen","status":"publish","type":"page","link":"https:\/\/www.familienforschung-hein.de\/index.php\/familien-aus-ostpreussen\/","title":{"rendered":"Familien aus Ostpreussen"},"content":{"rendered":"<h5 class=\"western\">Die hier aufgef\u00fchrten Stammb\u00e4ume sind Teile eines umfangreichen Familienstammbaumes und erheben keinen Anspruch auf Vollst\u00e4ndigkeit. Die vorliegenden Daten sind eine Momentaufnahme vom M\u00e4rz 2022 und erweitern sich st\u00e4ndig.<\/h5>\n<h5 class=\"western\">Man sollte beachten, das viele Familiennamen in sehr unterschiedlicher Schreibweise vorkommen. Teilweise finden sich in den verschiedenen Urkunden zu einer Person\u00a0 unterschiedliche Schreibweisen.<\/p>\n<p>Der Familienstammbaum wurde mit der Genealogie-Software von My Heritage erstellt und umfasst derzeit ca. 11.000 Personen. Lebende Personen werden hier nicht aufgef\u00fchrt.<\/p>\n<p>Der Herausgeber w\u00fcrde sich \u00fcber Korrekturen, Hinweise und Erg\u00e4nzungen freuen und steht f\u00fcr detaillierte Anfragen von Familienforschern gern zur Verf\u00fcgung.<\/h5>\n","protected":false},"excerpt":{"rendered":"<p>Die hier aufgef\u00fchrten Stammb\u00e4ume sind Teile eines umfangreichen Familienstammbaumes und erheben keinen Anspruch auf Vollst\u00e4ndigkeit. Die vorliegenden Daten sind eine Momentaufnahme vom M\u00e4rz 2022 und erweitern sich st\u00e4ndig. Man sollte beachten, das viele Familiennamen in sehr unterschiedlicher Schreibweise vorkommen. Teilweise finden sich in den verschiedenen Urkunden zu einer Person\u00a0 unterschiedliche Schreibweisen. Der Familienstammbaum wurde mit [&hellip;]<\/p>\n","protected":false},"author":1,"featured_media":0,"parent":0,"menu_order":5,"comment_status":"closed","ping_status":"closed","template":"page-notitle.php","meta":[],"_links":{"self":[{"href":"https:\/\/www.familienforschung-hein.de\/index.php\/wp-json\/wp\/v2\/pages\/655"}],"collection":[{"href":"https:\/\/www.familienforschung-hein.de\/index.php\/wp-json\/wp\/v2\/pages"}],"about":[{"href":"https:\/\/www.familienforschung-hein.de\/index.php\/wp-json\/wp\/v2\/types\/page"}],"author":[{"embeddable":true,"href":"https:\/\/www.familienforschung-hein.de\/index.php\/wp-json\/wp\/v2\/users\/1"}],"replies":[{"embeddable":true,"href":"https:\/\/www.familienforschung-hein.de\/index.php\/wp-json\/wp\/v2\/comments?post=655"}],"version-history":[{"count":18,"href":"https:\/\/www.familienforschung-hein.de\/index.php\/wp-json\/wp\/v2\/pages\/655\/revisions"}],"predecessor-version":[{"id":1580,"href":"https:\/\/www.familienforschung-hein.de\/index.php\/wp-json\/wp\/v2\/pages\/655\/revisions\/1580"}],"wp:attachment":[{"href":"https:\/\/www.familienforschung-hein.de\/index.php\/wp-json\/wp\/v2\/media?parent=655"}],"curies":[{"name":"wp","href":"https:\/\/api.w.org\/{rel}","templated":true}]}}