{"id":879,"date":"2017-10-16T08:36:09","date_gmt":"2017-10-16T08:36:09","guid":{"rendered":"http:\/\/www.familienforschung-hein.de\/?page_id=879"},"modified":"2017-11-02T15:41:45","modified_gmt":"2017-11-02T15:41:45","slug":"das-haus-askanien","status":"publish","type":"page","link":"https:\/\/www.familienforschung-hein.de\/index.php\/dessauer-familien\/das-haus-askanien\/","title":{"rendered":"Das Haus Askanien"},"content":{"rendered":"<p>Nachkommen von Esico von Ballenstedt<\/p>\n<p>Diese Familie geh\u00f6rt nicht zu meinen direkten Vorfahren.<\/p>\n<p>Einer der ber\u00fcmtesten Mitglieder, F\u00fcrst Leopold I von Anhalt-Dessau ist 16 Schritte von mir entfernt. Sein Sohn Erbprinz Wilhelm, Gustav von Anhalt Dessau hatte die B\u00fcrgerliche\u00a0 Johanna, Sophia Herre zur morganatische Ehefrau genommen. Sie wurde 1748 mit viel Geld an den deutschen Kaiser zur Reichgr\u00e4fin erhoben. Entfernte Verwandte von mir waren mit der <a href=\"http:\/\/www.familienforschung-hein.de\/index.php\/dessauer-familien\/familie-herre\/\" target=\"_blank\" rel=\"noopener noreferrer\">Familie Herre<\/a> verbunden. Da das Haus Askanien sehr gut dokumentiert ist, war es nat\u00fcrlich verlockend es in meinen Stammbaum einzubauen. Ich habe es aber bei der geraden Linie belassen, der immerhin rund 1000 Jahre umfasst.<\/p>\n<p>&nbsp;<\/p>\n<p><a href=\"http:\/\/www.familienforschung-hein.de\/wp-content\/uploads\/2017\/07\/Nachkommen-Esico-von-Ballenstedt-passw.pdf\">Das Haus Askanien, Enrico von Ballenstedt, 27. Generation (1000-1947)<\/a><\/p>\n","protected":false},"excerpt":{"rendered":"<p>Nachkommen von Esico von Ballenstedt Diese Familie geh\u00f6rt nicht zu meinen direkten Vorfahren. Einer der ber\u00fcmtesten Mitglieder, F\u00fcrst Leopold I von Anhalt-Dessau ist 16 Schritte von mir entfernt. Sein Sohn Erbprinz Wilhelm, Gustav von Anhalt Dessau hatte die B\u00fcrgerliche\u00a0 Johanna, Sophia Herre zur morganatische Ehefrau genommen. Sie wurde 1748 mit viel Geld an den deutschen [&hellip;]<\/p>\n","protected":false},"author":2,"featured_media":0,"parent":325,"menu_order":0,"comment_status":"closed","ping_status":"closed","template":"","meta":[],"_links":{"self":[{"href":"https:\/\/www.familienforschung-hein.de\/index.php\/wp-json\/wp\/v2\/pages\/879"}],"collection":[{"href":"https:\/\/www.familienforschung-hein.de\/index.php\/wp-json\/wp\/v2\/pages"}],"about":[{"href":"https:\/\/www.familienforschung-hein.de\/index.php\/wp-json\/wp\/v2\/types\/page"}],"author":[{"embeddable":true,"href":"https:\/\/www.familienforschung-hein.de\/index.php\/wp-json\/wp\/v2\/users\/2"}],"replies":[{"embeddable":true,"href":"https:\/\/www.familienforschung-hein.de\/index.php\/wp-json\/wp\/v2\/comments?post=879"}],"version-history":[{"count":5,"href":"https:\/\/www.familienforschung-hein.de\/index.php\/wp-json\/wp\/v2\/pages\/879\/revisions"}],"predecessor-version":[{"id":1590,"href":"https:\/\/www.familienforschung-hein.de\/index.php\/wp-json\/wp\/v2\/pages\/879\/revisions\/1590"}],"up":[{"embeddable":true,"href":"https:\/\/www.familienforschung-hein.de\/index.php\/wp-json\/wp\/v2\/pages\/325"}],"wp:attachment":[{"href":"https:\/\/www.familienforschung-hein.de\/index.php\/wp-json\/wp\/v2\/media?parent=879"}],"curies":[{"name":"wp","href":"https:\/\/api.w.org\/{rel}","templated":true}]}}