{"id":891,"date":"2017-10-16T08:51:15","date_gmt":"2017-10-16T08:51:15","guid":{"rendered":"http:\/\/www.familienforschung-hein.de\/?page_id=891"},"modified":"2017-11-02T19:12:29","modified_gmt":"2017-11-02T19:12:29","slug":"familie-berenhorst","status":"publish","type":"page","link":"https:\/\/www.familienforschung-hein.de\/index.php\/dessauer-familien\/familie-berenhorst\/","title":{"rendered":"Familie Berenhorst"},"content":{"rendered":"<p>Diese Familie geh\u00f6rt wie mehrere andere in meinem Familiemnstammbaum nicht zu den direkten Vorfahren. Sie ist aber vielfach mit anderen Familien aus diesem Stammbaum verkn\u00fcpft und geh\u00f6rte zu den einst ber\u00fchmten Dessauer Familien.<\/p>\n<p>&nbsp;<\/p>\n<p>Zu dieser Familie geh\u00f6ren die bekannten Familien<\/p>\n<p>von Richthofen, <a href=\"http:\/\/www.familienforschung-hein.de\/index.php\/dessauer-familien\/familie-von-bodenhausen\/\" target=\"_blank\" rel=\"noopener noreferrer\">von Bodenhausen<\/a>, von B\u00fclow und von Saldern<\/p>\n<p>&nbsp;<\/p>\n<p><a href=\"http:\/\/www.familienforschung-hein.de\/wp-content\/uploads\/2017\/07\/Nachkommen-Georg-Heinrich-von-Berenhorst-Passw.pdf\">Familie von Berenhorst, 6. Generation (1733-1965)<\/a><\/p>\n","protected":false},"excerpt":{"rendered":"<p>Diese Familie geh\u00f6rt wie mehrere andere in meinem Familiemnstammbaum nicht zu den direkten Vorfahren. Sie ist aber vielfach mit anderen Familien aus diesem Stammbaum verkn\u00fcpft und geh\u00f6rte zu den einst ber\u00fchmten Dessauer Familien. &nbsp; Zu dieser Familie geh\u00f6ren die bekannten Familien von Richthofen, von Bodenhausen, von B\u00fclow und von Saldern &nbsp; Familie von Berenhorst, 6. [&hellip;]<\/p>\n","protected":false},"author":2,"featured_media":0,"parent":325,"menu_order":0,"comment_status":"closed","ping_status":"closed","template":"","meta":[],"_links":{"self":[{"href":"https:\/\/www.familienforschung-hein.de\/index.php\/wp-json\/wp\/v2\/pages\/891"}],"collection":[{"href":"https:\/\/www.familienforschung-hein.de\/index.php\/wp-json\/wp\/v2\/pages"}],"about":[{"href":"https:\/\/www.familienforschung-hein.de\/index.php\/wp-json\/wp\/v2\/types\/page"}],"author":[{"embeddable":true,"href":"https:\/\/www.familienforschung-hein.de\/index.php\/wp-json\/wp\/v2\/users\/2"}],"replies":[{"embeddable":true,"href":"https:\/\/www.familienforschung-hein.de\/index.php\/wp-json\/wp\/v2\/comments?post=891"}],"version-history":[{"count":4,"href":"https:\/\/www.familienforschung-hein.de\/index.php\/wp-json\/wp\/v2\/pages\/891\/revisions"}],"predecessor-version":[{"id":1271,"href":"https:\/\/www.familienforschung-hein.de\/index.php\/wp-json\/wp\/v2\/pages\/891\/revisions\/1271"}],"up":[{"embeddable":true,"href":"https:\/\/www.familienforschung-hein.de\/index.php\/wp-json\/wp\/v2\/pages\/325"}],"wp:attachment":[{"href":"https:\/\/www.familienforschung-hein.de\/index.php\/wp-json\/wp\/v2\/media?parent=891"}],"curies":[{"name":"wp","href":"https:\/\/api.w.org\/{rel}","templated":true}]}}