{"id":897,"date":"2017-10-16T10:05:15","date_gmt":"2017-10-16T10:05:15","guid":{"rendered":"http:\/\/www.familienforschung-hein.de\/?page_id=897"},"modified":"2017-11-02T19:30:09","modified_gmt":"2017-11-02T19:30:09","slug":"familie-von-berge","status":"publish","type":"page","link":"https:\/\/www.familienforschung-hein.de\/index.php\/dessauer-familien\/familie-von-berge\/","title":{"rendered":"Familie von Berge"},"content":{"rendered":"<p>Die Familie von Berge &#8211; auch von Bergen genannt, geh\u00f6rt nicht zu den direkten Vorfahren. Sie ist aber vielfach mit anderen Familien aus diesem Stammbaum verkn\u00fcpft und geh\u00f6rt zu den einst ber\u00fchmten alten Dessauer Familien.<\/p>\n<p>Zu dieser Familie geh\u00f6ren so bekannte Familien wie<\/p>\n<p><a href=\"http:\/\/www.familienforschung-hein.de\/index.php\/dessauer-familien\/familie-herre\/\" target=\"_blank\" rel=\"noopener noreferrer\">Herre<\/a>, <a href=\"http:\/\/www.familienforschung-hein.de\/index.php\/dessauer-familien\/familie-heine-heyne\/\" target=\"_blank\" rel=\"noopener noreferrer\">Heine<\/a>, Neeve, F\u00f6hse, <a href=\"http:\/\/www.familienforschung-hein.de\/index.php\/dessauer-familien\/familie-raumer\/\" target=\"_blank\" rel=\"noopener noreferrer\">Raumer<\/a>, <a href=\"http:\/\/www.familienforschung-hein.de\/index.php\/dessauer-familien\/familie-milagius\/\" target=\"_blank\" rel=\"noopener noreferrer\">Milagius<\/a>, <a href=\"http:\/\/www.familienforschung-hein.de\/index.php\/dessauer-familien\/familie-happach\/\" target=\"_blank\" rel=\"noopener noreferrer\">Happach<\/a>, <a href=\"http:\/\/www.familienforschung-hein.de\/index.php\/dessauer-familien\/familie-colerus\/\" target=\"_blank\" rel=\"noopener noreferrer\">Colerus\/ Coeler<\/a>,<br \/>\nvon Gerlach, <a href=\"http:\/\/www.familienforschung-hein.de\/index.php\/dessauer-familien\/familie-de-maretz\/\" target=\"_blank\" rel=\"noopener noreferrer\">de Marees<\/a><\/p>\n<p>&nbsp;<\/p>\n<p><a href=\"http:\/\/www.familienforschung-hein.de\/wp-content\/uploads\/2017\/07\/Nachkommen-Laurentius-von-Berge-passw.pdf\">Familie von Berge &#8211; auch von Bergen, 25. Generation (1024 -1992)<\/a><\/p>\n","protected":false},"excerpt":{"rendered":"<p>Die Familie von Berge &#8211; auch von Bergen genannt, geh\u00f6rt nicht zu den direkten Vorfahren. Sie ist aber vielfach mit anderen Familien aus diesem Stammbaum verkn\u00fcpft und geh\u00f6rt zu den einst ber\u00fchmten alten Dessauer Familien. Zu dieser Familie geh\u00f6ren so bekannte Familien wie Herre, Heine, Neeve, F\u00f6hse, Raumer, Milagius, Happach, Colerus\/ Coeler, von Gerlach, de [&hellip;]<\/p>\n","protected":false},"author":2,"featured_media":0,"parent":325,"menu_order":0,"comment_status":"closed","ping_status":"closed","template":"","meta":[],"_links":{"self":[{"href":"https:\/\/www.familienforschung-hein.de\/index.php\/wp-json\/wp\/v2\/pages\/897"}],"collection":[{"href":"https:\/\/www.familienforschung-hein.de\/index.php\/wp-json\/wp\/v2\/pages"}],"about":[{"href":"https:\/\/www.familienforschung-hein.de\/index.php\/wp-json\/wp\/v2\/types\/page"}],"author":[{"embeddable":true,"href":"https:\/\/www.familienforschung-hein.de\/index.php\/wp-json\/wp\/v2\/users\/2"}],"replies":[{"embeddable":true,"href":"https:\/\/www.familienforschung-hein.de\/index.php\/wp-json\/wp\/v2\/comments?post=897"}],"version-history":[{"count":8,"href":"https:\/\/www.familienforschung-hein.de\/index.php\/wp-json\/wp\/v2\/pages\/897\/revisions"}],"predecessor-version":[{"id":1291,"href":"https:\/\/www.familienforschung-hein.de\/index.php\/wp-json\/wp\/v2\/pages\/897\/revisions\/1291"}],"up":[{"embeddable":true,"href":"https:\/\/www.familienforschung-hein.de\/index.php\/wp-json\/wp\/v2\/pages\/325"}],"wp:attachment":[{"href":"https:\/\/www.familienforschung-hein.de\/index.php\/wp-json\/wp\/v2\/media?parent=897"}],"curies":[{"name":"wp","href":"https:\/\/api.w.org\/{rel}","templated":true}]}}