{"id":911,"date":"2017-10-16T10:18:56","date_gmt":"2017-10-16T10:18:56","guid":{"rendered":"http:\/\/www.familienforschung-hein.de\/?page_id=911"},"modified":"2017-11-02T16:35:24","modified_gmt":"2017-11-02T16:35:24","slug":"familie-bramigk","status":"publish","type":"page","link":"https:\/\/www.familienforschung-hein.de\/index.php\/dessauer-familien\/familie-bramigk\/","title":{"rendered":"Familie Bramigk"},"content":{"rendered":"<p>Diese Familie geh\u00f6rt wie mehrere andere in meinem Familienstammbaum nicht zu den direkten Vorfahren. Sie ist aber vielfach mit anderen Familien aus diesem Stammbaum verkn\u00fcpft und geh\u00f6rt zu den einst ber\u00fchmten alten K\u00f6thener Familien, die ab Mitte des 18, Jahrhunderts in Dessau auftauchen.<\/p>\n<p>Zu dieser Familie geh\u00f6ren so bekannte Familien wie<br \/>\nRindfleisch, Stubenrauch, Thorspecken, <a href=\"http:\/\/www.familienforschung-hein.de\/index.php\/dessauer-familien\/familie-de-maretz\/\" target=\"_blank\" rel=\"noopener noreferrer\">de Marees<\/a>, Elstermann von Elster<\/p>\n<p><a href=\"http:\/\/www.familienforschung-hein.de\/wp-content\/uploads\/2017\/05\/Nachkommen-von-Christoph-Bramigk.RTF.pdf\">Familie Bramigk, 11. Generation (1607 &#8211; 1995)<\/a><\/p>\n","protected":false},"excerpt":{"rendered":"<p>Diese Familie geh\u00f6rt wie mehrere andere in meinem Familienstammbaum nicht zu den direkten Vorfahren. Sie ist aber vielfach mit anderen Familien aus diesem Stammbaum verkn\u00fcpft und geh\u00f6rt zu den einst ber\u00fchmten alten K\u00f6thener Familien, die ab Mitte des 18, Jahrhunderts in Dessau auftauchen. Zu dieser Familie geh\u00f6ren so bekannte Familien wie Rindfleisch, Stubenrauch, Thorspecken, de [&hellip;]<\/p>\n","protected":false},"author":2,"featured_media":0,"parent":325,"menu_order":0,"comment_status":"closed","ping_status":"closed","template":"","meta":[],"_links":{"self":[{"href":"https:\/\/www.familienforschung-hein.de\/index.php\/wp-json\/wp\/v2\/pages\/911"}],"collection":[{"href":"https:\/\/www.familienforschung-hein.de\/index.php\/wp-json\/wp\/v2\/pages"}],"about":[{"href":"https:\/\/www.familienforschung-hein.de\/index.php\/wp-json\/wp\/v2\/types\/page"}],"author":[{"embeddable":true,"href":"https:\/\/www.familienforschung-hein.de\/index.php\/wp-json\/wp\/v2\/users\/2"}],"replies":[{"embeddable":true,"href":"https:\/\/www.familienforschung-hein.de\/index.php\/wp-json\/wp\/v2\/comments?post=911"}],"version-history":[{"count":3,"href":"https:\/\/www.familienforschung-hein.de\/index.php\/wp-json\/wp\/v2\/pages\/911\/revisions"}],"predecessor-version":[{"id":1171,"href":"https:\/\/www.familienforschung-hein.de\/index.php\/wp-json\/wp\/v2\/pages\/911\/revisions\/1171"}],"up":[{"embeddable":true,"href":"https:\/\/www.familienforschung-hein.de\/index.php\/wp-json\/wp\/v2\/pages\/325"}],"wp:attachment":[{"href":"https:\/\/www.familienforschung-hein.de\/index.php\/wp-json\/wp\/v2\/media?parent=911"}],"curies":[{"name":"wp","href":"https:\/\/api.w.org\/{rel}","templated":true}]}}