{"id":915,"date":"2017-10-16T10:22:43","date_gmt":"2017-10-16T10:22:43","guid":{"rendered":"http:\/\/www.familienforschung-hein.de\/?page_id=915"},"modified":"2017-11-02T19:15:56","modified_gmt":"2017-11-02T19:15:56","slug":"familie-colerus","status":"publish","type":"page","link":"https:\/\/www.familienforschung-hein.de\/index.php\/dessauer-familien\/familie-colerus\/","title":{"rendered":"Familie Colerus"},"content":{"rendered":"<p>Diese Familie geh\u00f6rt wie mehrere andere in meinem Familienstammbaum nicht zu den direkten Vorfahren. Sie ist aber vielfach mit anderen Familien aus diesem Stammbaum verkn\u00fcpft und geh\u00f6rt zu den einst ber\u00fchmten alten Dessauer und Anhaltinischen Familien.<\/p>\n<p>Zu dieser Familie geh\u00f6ren so bekannte Familien wie<br \/>\n<a href=\"http:\/\/www.familienforschung-hein.de\/index.php\/dessauer-familien\/familie-beringer\/\" target=\"_blank\" rel=\"noopener noreferrer\">Salmuth<\/a>, <a href=\"http:\/\/www.familienforschung-hein.de\/index.php\/dessauer-familien\/familie-de-maretz\/\" target=\"_blank\" rel=\"noopener noreferrer\">de Marees<\/a>, Elze<\/p>\n<p><a href=\"http:\/\/www.familienforschung-hein.de\/wp-content\/uploads\/2017\/07\/Nachkommen-Johannes-Colerus-Passw.pdf\">Familie Colerus &#8211; sp\u00e4ter Coeler, 9. Generation (1550 &#8211; 1852)<\/a><\/p>\n","protected":false},"excerpt":{"rendered":"<p>Diese Familie geh\u00f6rt wie mehrere andere in meinem Familienstammbaum nicht zu den direkten Vorfahren. Sie ist aber vielfach mit anderen Familien aus diesem Stammbaum verkn\u00fcpft und geh\u00f6rt zu den einst ber\u00fchmten alten Dessauer und Anhaltinischen Familien. Zu dieser Familie geh\u00f6ren so bekannte Familien wie Salmuth, de Marees, Elze Familie Colerus &#8211; sp\u00e4ter Coeler, 9. Generation [&hellip;]<\/p>\n","protected":false},"author":2,"featured_media":0,"parent":325,"menu_order":0,"comment_status":"closed","ping_status":"closed","template":"","meta":[],"_links":{"self":[{"href":"https:\/\/www.familienforschung-hein.de\/index.php\/wp-json\/wp\/v2\/pages\/915"}],"collection":[{"href":"https:\/\/www.familienforschung-hein.de\/index.php\/wp-json\/wp\/v2\/pages"}],"about":[{"href":"https:\/\/www.familienforschung-hein.de\/index.php\/wp-json\/wp\/v2\/types\/page"}],"author":[{"embeddable":true,"href":"https:\/\/www.familienforschung-hein.de\/index.php\/wp-json\/wp\/v2\/users\/2"}],"replies":[{"embeddable":true,"href":"https:\/\/www.familienforschung-hein.de\/index.php\/wp-json\/wp\/v2\/comments?post=915"}],"version-history":[{"count":4,"href":"https:\/\/www.familienforschung-hein.de\/index.php\/wp-json\/wp\/v2\/pages\/915\/revisions"}],"predecessor-version":[{"id":1277,"href":"https:\/\/www.familienforschung-hein.de\/index.php\/wp-json\/wp\/v2\/pages\/915\/revisions\/1277"}],"up":[{"embeddable":true,"href":"https:\/\/www.familienforschung-hein.de\/index.php\/wp-json\/wp\/v2\/pages\/325"}],"wp:attachment":[{"href":"https:\/\/www.familienforschung-hein.de\/index.php\/wp-json\/wp\/v2\/media?parent=915"}],"curies":[{"name":"wp","href":"https:\/\/api.w.org\/{rel}","templated":true}]}}