{"id":919,"date":"2017-10-17T08:35:06","date_gmt":"2017-10-17T08:35:06","guid":{"rendered":"http:\/\/www.familienforschung-hein.de\/?page_id=919"},"modified":"2017-11-02T19:21:32","modified_gmt":"2017-11-02T19:21:32","slug":"familie-happach","status":"publish","type":"page","link":"https:\/\/www.familienforschung-hein.de\/index.php\/dessauer-familien\/familie-happach\/","title":{"rendered":"Familie Happach"},"content":{"rendered":"<p>Diese Familie geh\u00f6rt nicht zu meinen direkten Vorfahren. Sie ist aber vielfach mit anderen Familien aus diesem Stammbaum verkn\u00fcpft und geh\u00f6rt zu den einst ber\u00fchmten alten Dessauer und Anhaltinischen Familien.<\/p>\n<p>Zu dieser Familie geh\u00f6ren so bekannte Familien wie<br \/>\n<a href=\"http:\/\/www.familienforschung-hein.de\/index.php\/dessauer-familien\/familie-heine-heyne\/\" target=\"_blank\" rel=\"noopener noreferrer\">Heine<\/a>, Kr\u00fcger, <a href=\"http:\/\/www.familienforschung-hein.de\/index.php\/dessauer-familien\/familie-von-berge\/\" target=\"_blank\" rel=\"noopener noreferrer\">von Berge<\/a>,<a href=\"http:\/\/www.familienforschung-hein.de\/index.php\/dessauer-familien\/familie-mohs\/\" target=\"_blank\" rel=\"noopener noreferrer\"> Mohs,<\/a> Werner, Elze, de Haas<\/p>\n<p><a href=\"http:\/\/www.familienforschung-hein.de\/wp-content\/uploads\/2017\/07\/Nachkommen-Johann-Happach-Passw.pdf\">Familie Happach, 14. Generation (1505 &#8211; 1944)<\/a><\/p>\n","protected":false},"excerpt":{"rendered":"<p>Diese Familie geh\u00f6rt nicht zu meinen direkten Vorfahren. Sie ist aber vielfach mit anderen Familien aus diesem Stammbaum verkn\u00fcpft und geh\u00f6rt zu den einst ber\u00fchmten alten Dessauer und Anhaltinischen Familien. Zu dieser Familie geh\u00f6ren so bekannte Familien wie Heine, Kr\u00fcger, von Berge, Mohs, Werner, Elze, de Haas Familie Happach, 14. Generation (1505 &#8211; 1944)<\/p>\n","protected":false},"author":2,"featured_media":0,"parent":325,"menu_order":0,"comment_status":"closed","ping_status":"closed","template":"","meta":[],"_links":{"self":[{"href":"https:\/\/www.familienforschung-hein.de\/index.php\/wp-json\/wp\/v2\/pages\/919"}],"collection":[{"href":"https:\/\/www.familienforschung-hein.de\/index.php\/wp-json\/wp\/v2\/pages"}],"about":[{"href":"https:\/\/www.familienforschung-hein.de\/index.php\/wp-json\/wp\/v2\/types\/page"}],"author":[{"embeddable":true,"href":"https:\/\/www.familienforschung-hein.de\/index.php\/wp-json\/wp\/v2\/users\/2"}],"replies":[{"embeddable":true,"href":"https:\/\/www.familienforschung-hein.de\/index.php\/wp-json\/wp\/v2\/comments?post=919"}],"version-history":[{"count":6,"href":"https:\/\/www.familienforschung-hein.de\/index.php\/wp-json\/wp\/v2\/pages\/919\/revisions"}],"predecessor-version":[{"id":1283,"href":"https:\/\/www.familienforschung-hein.de\/index.php\/wp-json\/wp\/v2\/pages\/919\/revisions\/1283"}],"up":[{"embeddable":true,"href":"https:\/\/www.familienforschung-hein.de\/index.php\/wp-json\/wp\/v2\/pages\/325"}],"wp:attachment":[{"href":"https:\/\/www.familienforschung-hein.de\/index.php\/wp-json\/wp\/v2\/media?parent=919"}],"curies":[{"name":"wp","href":"https:\/\/api.w.org\/{rel}","templated":true}]}}