{"id":941,"date":"2017-10-17T08:55:32","date_gmt":"2017-10-17T08:55:32","guid":{"rendered":"http:\/\/www.familienforschung-hein.de\/?page_id=941"},"modified":"2017-11-02T19:17:37","modified_gmt":"2017-11-02T19:17:37","slug":"familie-de-maretz","status":"publish","type":"page","link":"https:\/\/www.familienforschung-hein.de\/index.php\/dessauer-familien\/familie-de-maretz\/","title":{"rendered":"Familie de Maretz"},"content":{"rendered":"<p>Diese Familie geh\u00f6rt wie mehrere andere in meinem Familienstammbaum nicht zu den direkten Vorfahren. Sie ist aber vielfach mit anderen Familien aus diesem Stammbaum verkn\u00fcpft und geh\u00f6rt zu den einst ber\u00fchmten alten Dessauer und Anhaltinischen Familien.<\/p>\n<p>Zu dieser Familie geh\u00f6ren so bekannte Familien wie<br \/>\n<a href=\"http:\/\/www.familienforschung-hein.de\/index.php\/dessauer-familien\/familie-schubring\/\" target=\"_blank\" rel=\"noopener noreferrer\">Schubring<\/a>, Mieg, <a href=\"http:\/\/www.familienforschung-hein.de\/index.php\/dessauer-familien\/familie-raumer\/\" target=\"_blank\" rel=\"noopener noreferrer\">von Raumer<\/a>, Thorspecken, Elze,<\/p>\n<p class=\"firstHeading\" lang=\"de\"><a href=\"http:\/\/www.familienforschung-hein.de\/wp-content\/uploads\/2017\/07\/Nachkommen-Johan-Jan-de-Maretz-Desmares-Passw.pdf\">Familie de Maretz, sp\u00e4ter de Mar\u00e9es, 15. Generation (1450 &#8211; 2008)<\/a><\/p>\n","protected":false},"excerpt":{"rendered":"<p>Diese Familie geh\u00f6rt wie mehrere andere in meinem Familienstammbaum nicht zu den direkten Vorfahren. Sie ist aber vielfach mit anderen Familien aus diesem Stammbaum verkn\u00fcpft und geh\u00f6rt zu den einst ber\u00fchmten alten Dessauer und Anhaltinischen Familien. Zu dieser Familie geh\u00f6ren so bekannte Familien wie Schubring, Mieg, von Raumer, Thorspecken, Elze, Familie de Maretz, sp\u00e4ter de [&hellip;]<\/p>\n","protected":false},"author":2,"featured_media":0,"parent":325,"menu_order":0,"comment_status":"closed","ping_status":"closed","template":"","meta":[],"_links":{"self":[{"href":"https:\/\/www.familienforschung-hein.de\/index.php\/wp-json\/wp\/v2\/pages\/941"}],"collection":[{"href":"https:\/\/www.familienforschung-hein.de\/index.php\/wp-json\/wp\/v2\/pages"}],"about":[{"href":"https:\/\/www.familienforschung-hein.de\/index.php\/wp-json\/wp\/v2\/types\/page"}],"author":[{"embeddable":true,"href":"https:\/\/www.familienforschung-hein.de\/index.php\/wp-json\/wp\/v2\/users\/2"}],"replies":[{"embeddable":true,"href":"https:\/\/www.familienforschung-hein.de\/index.php\/wp-json\/wp\/v2\/comments?post=941"}],"version-history":[{"count":5,"href":"https:\/\/www.familienforschung-hein.de\/index.php\/wp-json\/wp\/v2\/pages\/941\/revisions"}],"predecessor-version":[{"id":1279,"href":"https:\/\/www.familienforschung-hein.de\/index.php\/wp-json\/wp\/v2\/pages\/941\/revisions\/1279"}],"up":[{"embeddable":true,"href":"https:\/\/www.familienforschung-hein.de\/index.php\/wp-json\/wp\/v2\/pages\/325"}],"wp:attachment":[{"href":"https:\/\/www.familienforschung-hein.de\/index.php\/wp-json\/wp\/v2\/media?parent=941"}],"curies":[{"name":"wp","href":"https:\/\/api.w.org\/{rel}","templated":true}]}}