{"id":965,"date":"2017-10-17T09:25:59","date_gmt":"2017-10-17T09:25:59","guid":{"rendered":"http:\/\/www.familienforschung-hein.de\/?page_id=965"},"modified":"2017-11-02T17:29:46","modified_gmt":"2017-11-02T17:29:46","slug":"familie-schubring","status":"publish","type":"page","link":"https:\/\/www.familienforschung-hein.de\/index.php\/dessauer-familien\/familie-schubring\/","title":{"rendered":"Familie Schubring"},"content":{"rendered":"<p>Diese Familie geh\u00f6rt wie mehrere andere in meinem Familienstammbaum nicht zu den direkten Vorfahren. Sie ist aber vielfach mit anderen Familien aus diesem Stammbaum verkn\u00fcpft und geh\u00f6rt zu den einst ber\u00fchmten alten Dessauer und Anhaltinischen Familien.<\/p>\n<p>Zu dieser Familie geh\u00f6ren so bekannte Familien wie<br \/>\n<a href=\"http:\/\/www.familienforschung-hein.de\/index.php\/dessauer-familien\/familie-sintenis\/\" target=\"_blank\" rel=\"noopener noreferrer\">Sintenis<\/a>,<a href=\"http:\/\/www.familienforschung-hein.de\/index.php\/dessauer-familien\/familie-de-maretz\/\" target=\"_blank\" rel=\"noopener noreferrer\"> de Marees,<\/a> <a href=\"http:\/\/www.familienforschung-hein.de\/index.php\/dessauer-familien\/familie-mohs\/\" target=\"_blank\" rel=\"noopener noreferrer\">Mohs<\/a>, <a href=\"http:\/\/www.familienforschung-hein.de\/index.php\/dessauer-familien\/familie-heine-heyne\/\" target=\"_blank\" rel=\"noopener noreferrer\">Heine<\/a><\/p>\n<p><a href=\"http:\/\/www.familienforschung-hein.de\/wp-content\/uploads\/2017\/07\/Nachkommen-Johann-Schubring-Passw.pdf\">Familie Schubring, 9. Generation (1630 &#8211; 2008)<\/a><\/p>\n","protected":false},"excerpt":{"rendered":"<p>Diese Familie geh\u00f6rt wie mehrere andere in meinem Familienstammbaum nicht zu den direkten Vorfahren. Sie ist aber vielfach mit anderen Familien aus diesem Stammbaum verkn\u00fcpft und geh\u00f6rt zu den einst ber\u00fchmten alten Dessauer und Anhaltinischen Familien. Zu dieser Familie geh\u00f6ren so bekannte Familien wie Sintenis, de Marees, Mohs, Heine Familie Schubring, 9. Generation (1630 &#8211; [&hellip;]<\/p>\n","protected":false},"author":2,"featured_media":0,"parent":325,"menu_order":0,"comment_status":"closed","ping_status":"closed","template":"","meta":[],"_links":{"self":[{"href":"https:\/\/www.familienforschung-hein.de\/index.php\/wp-json\/wp\/v2\/pages\/965"}],"collection":[{"href":"https:\/\/www.familienforschung-hein.de\/index.php\/wp-json\/wp\/v2\/pages"}],"about":[{"href":"https:\/\/www.familienforschung-hein.de\/index.php\/wp-json\/wp\/v2\/types\/page"}],"author":[{"embeddable":true,"href":"https:\/\/www.familienforschung-hein.de\/index.php\/wp-json\/wp\/v2\/users\/2"}],"replies":[{"embeddable":true,"href":"https:\/\/www.familienforschung-hein.de\/index.php\/wp-json\/wp\/v2\/comments?post=965"}],"version-history":[{"count":3,"href":"https:\/\/www.familienforschung-hein.de\/index.php\/wp-json\/wp\/v2\/pages\/965\/revisions"}],"predecessor-version":[{"id":1223,"href":"https:\/\/www.familienforschung-hein.de\/index.php\/wp-json\/wp\/v2\/pages\/965\/revisions\/1223"}],"up":[{"embeddable":true,"href":"https:\/\/www.familienforschung-hein.de\/index.php\/wp-json\/wp\/v2\/pages\/325"}],"wp:attachment":[{"href":"https:\/\/www.familienforschung-hein.de\/index.php\/wp-json\/wp\/v2\/media?parent=965"}],"curies":[{"name":"wp","href":"https:\/\/api.w.org\/{rel}","templated":true}]}}