{"id":977,"date":"2017-10-17T09:34:56","date_gmt":"2017-10-17T09:34:56","guid":{"rendered":"http:\/\/www.familienforschung-hein.de\/?page_id=977"},"modified":"2017-11-02T19:31:35","modified_gmt":"2017-11-02T19:31:35","slug":"familie-weis","status":"publish","type":"page","link":"https:\/\/www.familienforschung-hein.de\/index.php\/dessauer-familien\/familie-weis\/","title":{"rendered":"Familie Weis"},"content":{"rendered":"<p>Diese Familie geh\u00f6rt wie mehrere andere in meinem Familienstammbaum nicht zu den direkten Vorfahren. Sie ist aber vielfach mit anderen Familien aus diesem Stammbaum verkn\u00fcpft und geh\u00f6rt zu den einst ber\u00fchmten alten Dessauer und Anhaltinischen Familien.<\/p>\n<p>Zu dieser Familie geh\u00f6ren so bekannte Familien wie<br \/>\nWomrath, Harsleben, <a href=\"http:\/\/www.familienforschung-hein.de\/index.php\/dessauer-familien\/familie-de-maretz\/\" target=\"_blank\" rel=\"noopener noreferrer\">de Marees<\/a>,<\/p>\n<p><a href=\"http:\/\/www.familienforschung-hein.de\/wp-content\/uploads\/2017\/07\/Nachkommen-Hans-Weis-Passw.pdf\">Familie Weis sp\u00e4ter Albinus, 10. Generation (1584 &#8211; 2008)<\/a><\/p>\n","protected":false},"excerpt":{"rendered":"<p>Diese Familie geh\u00f6rt wie mehrere andere in meinem Familienstammbaum nicht zu den direkten Vorfahren. Sie ist aber vielfach mit anderen Familien aus diesem Stammbaum verkn\u00fcpft und geh\u00f6rt zu den einst ber\u00fchmten alten Dessauer und Anhaltinischen Familien. Zu dieser Familie geh\u00f6ren so bekannte Familien wie Womrath, Harsleben, de Marees, Familie Weis sp\u00e4ter Albinus, 10. Generation (1584 [&hellip;]<\/p>\n","protected":false},"author":2,"featured_media":0,"parent":325,"menu_order":0,"comment_status":"closed","ping_status":"closed","template":"","meta":[],"_links":{"self":[{"href":"https:\/\/www.familienforschung-hein.de\/index.php\/wp-json\/wp\/v2\/pages\/977"}],"collection":[{"href":"https:\/\/www.familienforschung-hein.de\/index.php\/wp-json\/wp\/v2\/pages"}],"about":[{"href":"https:\/\/www.familienforschung-hein.de\/index.php\/wp-json\/wp\/v2\/types\/page"}],"author":[{"embeddable":true,"href":"https:\/\/www.familienforschung-hein.de\/index.php\/wp-json\/wp\/v2\/users\/2"}],"replies":[{"embeddable":true,"href":"https:\/\/www.familienforschung-hein.de\/index.php\/wp-json\/wp\/v2\/comments?post=977"}],"version-history":[{"count":4,"href":"https:\/\/www.familienforschung-hein.de\/index.php\/wp-json\/wp\/v2\/pages\/977\/revisions"}],"predecessor-version":[{"id":1293,"href":"https:\/\/www.familienforschung-hein.de\/index.php\/wp-json\/wp\/v2\/pages\/977\/revisions\/1293"}],"up":[{"embeddable":true,"href":"https:\/\/www.familienforschung-hein.de\/index.php\/wp-json\/wp\/v2\/pages\/325"}],"wp:attachment":[{"href":"https:\/\/www.familienforschung-hein.de\/index.php\/wp-json\/wp\/v2\/media?parent=977"}],"curies":[{"name":"wp","href":"https:\/\/api.w.org\/{rel}","templated":true}]}}