{"id":993,"date":"2017-10-18T07:15:22","date_gmt":"2017-10-18T07:15:22","guid":{"rendered":"http:\/\/www.familienforschung-hein.de\/?page_id=993"},"modified":"2022-04-01T10:56:28","modified_gmt":"2022-04-01T10:56:28","slug":"familie-schareina","status":"publish","type":"page","link":"https:\/\/www.familienforschung-hein.de\/index.php\/familien-aus-ostpreussen\/familie-schareina\/","title":{"rendered":"Familie Schareina"},"content":{"rendered":"<p>Mein Ur,- Ur-Gro\u00dfvater Gottfried Wazinski heiratete nach 1850 die Barbara, Marie Schareina aus Dungen. Zu ihren Vorfahren\u00a0 geh\u00f6ren die Familien<br \/>\nDraba, B\u00f6hm und Preu\u00df<\/p>\n<p>&nbsp;<\/p>\n<p><a href=\"http:\/\/www.familienforschung-hein.de\/wp-content\/uploads\/2017\/05\/Nachkommen-von-Adam-Schareina.pdf\">Nachkommen von Adam Schareina<\/a><\/p>\n","protected":false},"excerpt":{"rendered":"<p>Mein Ur,- Ur-Gro\u00dfvater Gottfried Wazinski heiratete nach 1850 die Barbara, Marie Schareina aus Dungen. Zu ihren Vorfahren\u00a0 geh\u00f6ren die Familien Draba, B\u00f6hm und Preu\u00df &nbsp; Nachkommen von Adam Schareina<\/p>\n","protected":false},"author":2,"featured_media":0,"parent":655,"menu_order":0,"comment_status":"closed","ping_status":"closed","template":"","meta":[],"_links":{"self":[{"href":"https:\/\/www.familienforschung-hein.de\/index.php\/wp-json\/wp\/v2\/pages\/993"}],"collection":[{"href":"https:\/\/www.familienforschung-hein.de\/index.php\/wp-json\/wp\/v2\/pages"}],"about":[{"href":"https:\/\/www.familienforschung-hein.de\/index.php\/wp-json\/wp\/v2\/types\/page"}],"author":[{"embeddable":true,"href":"https:\/\/www.familienforschung-hein.de\/index.php\/wp-json\/wp\/v2\/users\/2"}],"replies":[{"embeddable":true,"href":"https:\/\/www.familienforschung-hein.de\/index.php\/wp-json\/wp\/v2\/comments?post=993"}],"version-history":[{"count":5,"href":"https:\/\/www.familienforschung-hein.de\/index.php\/wp-json\/wp\/v2\/pages\/993\/revisions"}],"predecessor-version":[{"id":1564,"href":"https:\/\/www.familienforschung-hein.de\/index.php\/wp-json\/wp\/v2\/pages\/993\/revisions\/1564"}],"up":[{"embeddable":true,"href":"https:\/\/www.familienforschung-hein.de\/index.php\/wp-json\/wp\/v2\/pages\/655"}],"wp:attachment":[{"href":"https:\/\/www.familienforschung-hein.de\/index.php\/wp-json\/wp\/v2\/media?parent=993"}],"curies":[{"name":"wp","href":"https:\/\/api.w.org\/{rel}","templated":true}]}}